
{"id":1169,"date":"2017-06-07T12:26:17","date_gmt":"2017-06-07T12:26:17","guid":{"rendered":"http:\/\/poweratberth.eu\/?page_id=1169"},"modified":"2017-06-08T12:29:17","modified_gmt":"2017-06-08T12:29:17","slug":"calculadoras-de-emisiones-de-co2-y-otros-contaminantes-2","status":"publish","type":"page","link":"https:\/\/poweratberth.eu\/?page_id=1169&lang=es","title":{"rendered":"Calculadoras de emisiones de CO2 y otros contaminantes"},"content":{"rendered":"<div id=\"calcCO2\">\n<p>Existen diversas herramientas que permiten calcular las emisiones de CO2, gases de efecto invernadero y, en ocasiones, otros gases contaminantes \u00fatilies para determinar en qu\u00e9 medida las actividades humanas impactan sobre el medio ambiente y sobre la propia salud. En este apartado se pueden consultar y se describen algunas de ellas.<\/p>\n<ul>\n<li><strong>M\u00e9todo para el c\u00e1lculo de emisiones del transporte en Holanda<\/strong>: Este informe describe las metodolog\u00edas, los factores de emisi\u00f3n y datos de actividad relevantes utilizados para calcular las emisiones de contaminantes a la atm\u00f3sfera desde fuentes m\u00f3viles en Holanda. En este enlace se pueden descargar la herramienta de c\u00e1lculo y la <a href=\"http:\/\/www.emissieregistratie.nl\/erpubliek\/documenten\/Lucht%20(Air)\/Verkeer%20en%20Vervoer%20(Transport)\/Methoderapporten%20Taakgroep%20Verkeer%20en%20Vervoer\/Klein%20et%20al.%20(2015)%20Methods%20for%20calculating%20emission%20from%20transport%20in%20NL.pdf\" target=\"_blank\" rel=\"noopener noreferrer\">metodolog\u00eda<\/a> utilizada para el c\u00e1lculo de emisiones.<\/li>\n<\/ul>\n<p style=\"text-align: center;\"><a href=\"https:\/\/www.cbs.nl\/en-gb\/our-services\/methods\/surveys\/aanvullende%20onderzoeksbeschrijvingen\/methods-for-calculating-the-emissions-of-transport-in-the-netherlands\" target=\"_blank\" rel=\"noopener noreferrer\">Calculadora de emisiones en el transporte en Holanda_EN<\/a><\/p>\n<ul>\n<li><strong>Calculadora de emisiones GEI de la Generalitat de Catalunya<\/strong>: Junto con la Gu\u00eda, la Calculadora es la herramienta recomendada para la elaboraci\u00f3n del inventario de emisiones de GEI de las organizaciones adheridas al Programa de acuerdos voluntarios para la reducci\u00f3n de emisiones de GEI. La Calculadora es \u00fatil para cualquier organizaci\u00f3n como administraciones p\u00fablicas, empresas, asociaciones, y para la ciudadan\u00eda en general.<\/li>\n<\/ul>\n<p style=\"text-align: center;\"><a href=\"http:\/\/canviclimatic.gencat.cat\/es\/redueix_emissions\/calculadora_demissions\/\" target=\"_blank\" rel=\"noopener noreferrer\">Calculadora de emisiones de la Generalitat de Catalunya_ES<\/a><\/p>\n<ul>\n<li><strong>Estimaci\u00f3n del Mix El\u00e9ctrico de la Generalitat de Catalunya<\/strong>: El mix el\u00e9ctrico es el valor que expresa las emisiones de CO2 asociadas a la generaci\u00f3n de la electricidad que se consume, y se convierte as\u00ed, en un indicador de las fuentes energ\u00e9ticas que utilizamos para producir electricidad. Cuanto m\u00e1s bajo es el mix, mayor es la contribuci\u00f3n de fuentes energ\u00e9ticas bajas en carbono.<\/li>\n<\/ul>\n<p style=\"text-align: center;\"><a href=\"http:\/\/canviclimatic.gencat.cat\/es\/redueix_emissions\/factors_demissio_associats_a_lenergia\/\" target=\"_blank\" rel=\"noopener noreferrer\">Calculadora del mix el\u00e9ctrico de la Generalitat de Catalunya_ES<\/a><\/p>\n<ul>\n<li><strong>Calculadora de equivalencias de gases de efecto invernadero (EPA)<\/strong>: Alguna vez te has preguntado que supondr\u00eda la reducci\u00f3n de las emisiones de CO2 en 1 mill\u00f3n de toneladas m\u00e9tricas en t\u00e9rminos diarios? La calculadora de equivalencias de GEI puede ayudar a entender precisamente eso, trasladando medidas abstractas a t\u00e9rminos concretos, como las emisiones anuales de un coche, dom\u00e9sticas o de plantas el\u00e9ctricas, para poder comprenderlo. Esta calculadora puede ser \u00fatil para difundir la estrategia y objetivos de reducci\u00f3n de GEI u otras iniciativas relacionadas de las empresas o individuos. Este enlace pueden consultarse las <a href=\"https:\/\/www.epa.gov\/energy\/greenhouse-gases-equivalencies-calculator-calculations-and-references\" target=\"_blank\" rel=\"noopener noreferrer\">referencias<\/a>.<\/li>\n<\/ul>\n<p style=\"text-align: center;\"><a href=\"https:\/\/www.epa.gov\/energy\/greenhouse-gas-equivalencies-calculator\" target=\"_blank\" rel=\"noopener noreferrer\">Calculadora de equivalencias de GEI de la EPA_EN<\/a><\/p>\n<ul>\n<li><strong>Calcula y compensa tus emisiones de CO2 (CeroCO2)<\/strong>: CeroCO2 es una iniciativa lanzada en 2005, que propone acciones concretas para el cuidado del clima, facilitando y promoviendo la implicaci\u00f3n de todos los actores sociales. Calcula la Huella de Carbono de tu entidad, evento, producto o de tu vida cotidiana con CeroCO2.<\/li>\n<\/ul>\n<p style=\"text-align: center;\"><a href=\"http:\/\/www.ceroco2.org\/calculadoras\/\" target=\"_blank\" rel=\"noopener noreferrer\">Calculadora de emisiones de CO2 de CeroCO2_ES<\/a><\/p>\n<ul>\n<li><strong>Calculadora de emisiones de gases de efecto invernadero (CIEMAT \u2013 IDAE)<\/strong>: Herramienta que permite el c\u00e1lculo de los valores reales o calculados de las emisiones de gases de efecto invernadero en cada etapa del ciclo de vida de los biocarburantes<\/li>\n<\/ul>\n<p style=\"text-align: center;\"><a href=\"http:\/\/www.idae.es\/informacion-y-publicaciones\/bases-de-datosherramientas\/calculadora-de-emisiones-de-gases-de-efecto\" target=\"_blank\" rel=\"noopener noreferrer\">Calculadora de emisiones de GHG del CIEMAT_ES<\/a><\/p>\n<\/div>\n","protected":false},"excerpt":{"rendered":"<p>Existen diversas herramientas que permiten calcular las emisiones de CO2, gases de efecto invernadero y, en ocasiones, otros gases contaminantes \u00fatilies para determinar en qu\u00e9 medida las actividades humanas impactan sobre el medio ambiente y sobre la propia salud. En este apartado se pueden consultar y se describen algunas de\u2026<\/p>\n<p> <a class=\"continue-reading-link\" href=\"https:\/\/poweratberth.eu\/?page_id=1169&#038;lang=es\"><span>Continue reading<\/span><i class=\"crycon-right-dir\"><\/i><\/a> <\/p>\n","protected":false},"author":7,"featured_media":0,"parent":0,"menu_order":0,"comment_status":"closed","ping_status":"closed","template":"","meta":[],"yoast_head":"<!-- This site is optimized with the Yoast SEO plugin v19.2 - https:\/\/yoast.com\/wordpress\/plugins\/seo\/ -->\n<title>Calculadoras de emisiones de CO2 y otros contaminantes - Power@berth<\/title>\n<meta name=\"robots\" content=\"index, follow, max-snippet:-1, max-image-preview:large, max-video-preview:-1\" \/>\n<link rel=\"canonical\" href=\"https:\/\/poweratberth.eu\/?page_id=1169&lang=es\" \/>\n<meta property=\"og:locale\" content=\"en_US\" \/>\n<meta property=\"og:type\" content=\"article\" \/>\n<meta property=\"og:title\" content=\"Calculadoras de emisiones de CO2 y otros contaminantes - Power@berth\" \/>\n<meta property=\"og:description\" content=\"Existen diversas herramientas que permiten calcular las emisiones de CO2, gases de efecto invernadero y, en ocasiones, otros gases contaminantes \u00fatilies para determinar en qu\u00e9 medida las actividades humanas impactan sobre el medio ambiente y sobre la propia salud. En este apartado se pueden consultar y se describen algunas de\u2026 Continue reading\" \/>\n<meta property=\"og:url\" content=\"https:\/\/poweratberth.eu\/?page_id=1169&amp;lang=es\" \/>\n<meta property=\"og:site_name\" content=\"Power@berth\" \/>\n<meta property=\"article:modified_time\" content=\"2017-06-08T12:29:17+00:00\" \/>\n<meta name=\"author\" content=\"demo\" \/>\n<meta name=\"twitter:card\" content=\"summary_large_image\" \/>\n<meta name=\"twitter:label1\" content=\"Est. reading time\" \/>\n\t<meta name=\"twitter:data1\" content=\"3 minutes\" \/>\n<script type=\"application\/ld+json\" class=\"yoast-schema-graph\">{\"@context\":\"https:\/\/schema.org\",\"@graph\":[{\"@type\":\"Organization\",\"@id\":\"https:\/\/poweratberth.eu\/#organization\",\"name\":\"Ops Master Plan Spanish Ports\",\"url\":\"https:\/\/poweratberth.eu\/\",\"sameAs\":[],\"logo\":{\"@type\":\"ImageObject\",\"inLanguage\":\"en-US\",\"@id\":\"https:\/\/poweratberth.eu\/#\/schema\/logo\/image\/\",\"url\":\"http:\/\/poweratberth.eu\/wp-content\/uploads\/2017\/02\/logo2017-02-16.jpg\",\"contentUrl\":\"http:\/\/poweratberth.eu\/wp-content\/uploads\/2017\/02\/logo2017-02-16.jpg\",\"width\":512,\"height\":387,\"caption\":\"Ops Master Plan Spanish Ports\"},\"image\":{\"@id\":\"https:\/\/poweratberth.eu\/#\/schema\/logo\/image\/\"}},{\"@type\":\"WebSite\",\"@id\":\"https:\/\/poweratberth.eu\/#website\",\"url\":\"https:\/\/poweratberth.eu\/\",\"name\":\"Power@berth\",\"description\":\"Ops Spanish Ports\",\"publisher\":{\"@id\":\"https:\/\/poweratberth.eu\/#organization\"},\"potentialAction\":[{\"@type\":\"SearchAction\",\"target\":{\"@type\":\"EntryPoint\",\"urlTemplate\":\"https:\/\/poweratberth.eu\/?s={search_term_string}\"},\"query-input\":\"required name=search_term_string\"}],\"inLanguage\":\"en-US\"},{\"@type\":\"WebPage\",\"@id\":\"https:\/\/poweratberth.eu\/?page_id=1169&lang=es#webpage\",\"url\":\"https:\/\/poweratberth.eu\/?page_id=1169&lang=es\",\"name\":\"Calculadoras de emisiones de CO2 y otros contaminantes - Power@berth\",\"isPartOf\":{\"@id\":\"https:\/\/poweratberth.eu\/#website\"},\"datePublished\":\"2017-06-07T12:26:17+00:00\",\"dateModified\":\"2017-06-08T12:29:17+00:00\",\"breadcrumb\":{\"@id\":\"https:\/\/poweratberth.eu\/?page_id=1169&lang=es#breadcrumb\"},\"inLanguage\":\"en-US\",\"potentialAction\":[{\"@type\":\"ReadAction\",\"target\":[\"https:\/\/poweratberth.eu\/?page_id=1169&lang=es\"]}]},{\"@type\":\"BreadcrumbList\",\"@id\":\"https:\/\/poweratberth.eu\/?page_id=1169&lang=es#breadcrumb\",\"itemListElement\":[{\"@type\":\"ListItem\",\"position\":1,\"name\":\"Home\",\"item\":\"http:\/\/poweratberth.eu\/?lang=en\"},{\"@type\":\"ListItem\",\"position\":2,\"name\":\"Calculadoras de emisiones de CO2 y otros contaminantes\"}]}]}<\/script>\n<!-- \/ Yoast SEO plugin. -->","yoast_head_json":{"title":"Calculadoras de emisiones de CO2 y otros contaminantes - Power@berth","robots":{"index":"index","follow":"follow","max-snippet":"max-snippet:-1","max-image-preview":"max-image-preview:large","max-video-preview":"max-video-preview:-1"},"canonical":"https:\/\/poweratberth.eu\/?page_id=1169&lang=es","og_locale":"en_US","og_type":"article","og_title":"Calculadoras de emisiones de CO2 y otros contaminantes - Power@berth","og_description":"Existen diversas herramientas que permiten calcular las emisiones de CO2, gases de efecto invernadero y, en ocasiones, otros gases contaminantes \u00fatilies para determinar en qu\u00e9 medida las actividades humanas impactan sobre el medio ambiente y sobre la propia salud. En este apartado se pueden consultar y se describen algunas de\u2026 Continue reading","og_url":"https:\/\/poweratberth.eu\/?page_id=1169&lang=es","og_site_name":"Power@berth","article_modified_time":"2017-06-08T12:29:17+00:00","author":"demo","twitter_card":"summary_large_image","twitter_misc":{"Est. reading time":"3 minutes"},"schema":{"@context":"https:\/\/schema.org","@graph":[{"@type":"Organization","@id":"https:\/\/poweratberth.eu\/#organization","name":"Ops Master Plan Spanish Ports","url":"https:\/\/poweratberth.eu\/","sameAs":[],"logo":{"@type":"ImageObject","inLanguage":"en-US","@id":"https:\/\/poweratberth.eu\/#\/schema\/logo\/image\/","url":"http:\/\/poweratberth.eu\/wp-content\/uploads\/2017\/02\/logo2017-02-16.jpg","contentUrl":"http:\/\/poweratberth.eu\/wp-content\/uploads\/2017\/02\/logo2017-02-16.jpg","width":512,"height":387,"caption":"Ops Master Plan Spanish Ports"},"image":{"@id":"https:\/\/poweratberth.eu\/#\/schema\/logo\/image\/"}},{"@type":"WebSite","@id":"https:\/\/poweratberth.eu\/#website","url":"https:\/\/poweratberth.eu\/","name":"Power@berth","description":"Ops Spanish Ports","publisher":{"@id":"https:\/\/poweratberth.eu\/#organization"},"potentialAction":[{"@type":"SearchAction","target":{"@type":"EntryPoint","urlTemplate":"https:\/\/poweratberth.eu\/?s={search_term_string}"},"query-input":"required name=search_term_string"}],"inLanguage":"en-US"},{"@type":"WebPage","@id":"https:\/\/poweratberth.eu\/?page_id=1169&lang=es#webpage","url":"https:\/\/poweratberth.eu\/?page_id=1169&lang=es","name":"Calculadoras de emisiones de CO2 y otros contaminantes - Power@berth","isPartOf":{"@id":"https:\/\/poweratberth.eu\/#website"},"datePublished":"2017-06-07T12:26:17+00:00","dateModified":"2017-06-08T12:29:17+00:00","breadcrumb":{"@id":"https:\/\/poweratberth.eu\/?page_id=1169&lang=es#breadcrumb"},"inLanguage":"en-US","potentialAction":[{"@type":"ReadAction","target":["https:\/\/poweratberth.eu\/?page_id=1169&lang=es"]}]},{"@type":"BreadcrumbList","@id":"https:\/\/poweratberth.eu\/?page_id=1169&lang=es#breadcrumb","itemListElement":[{"@type":"ListItem","position":1,"name":"Home","item":"http:\/\/poweratberth.eu\/?lang=en"},{"@type":"ListItem","position":2,"name":"Calculadoras de emisiones de CO2 y otros contaminantes"}]}]}},"_links":{"self":[{"href":"https:\/\/poweratberth.eu\/index.php?rest_route=\/wp\/v2\/pages\/1169"}],"collection":[{"href":"https:\/\/poweratberth.eu\/index.php?rest_route=\/wp\/v2\/pages"}],"about":[{"href":"https:\/\/poweratberth.eu\/index.php?rest_route=\/wp\/v2\/types\/page"}],"author":[{"embeddable":true,"href":"https:\/\/poweratberth.eu\/index.php?rest_route=\/wp\/v2\/users\/7"}],"replies":[{"embeddable":true,"href":"https:\/\/poweratberth.eu\/index.php?rest_route=%2Fwp%2Fv2%2Fcomments&post=1169"}],"version-history":[{"count":7,"href":"https:\/\/poweratberth.eu\/index.php?rest_route=\/wp\/v2\/pages\/1169\/revisions"}],"predecessor-version":[{"id":1306,"href":"https:\/\/poweratberth.eu\/index.php?rest_route=\/wp\/v2\/pages\/1169\/revisions\/1306"}],"wp:attachment":[{"href":"https:\/\/poweratberth.eu\/index.php?rest_route=%2Fwp%2Fv2%2Fmedia&parent=1169"}],"curies":[{"name":"wp","href":"https:\/\/api.w.org\/{rel}","templated":true}]}}