
{"id":1462,"date":"2017-06-16T10:01:22","date_gmt":"2017-06-16T10:01:22","guid":{"rendered":"http:\/\/poweratberth.eu\/?page_id=1462"},"modified":"2017-07-14T11:06:02","modified_gmt":"2017-07-14T11:06:02","slug":"informacion-sobre-la-calidad-del-aire-en-las-ciudades","status":"publish","type":"page","link":"https:\/\/poweratberth.eu\/?page_id=1462&lang=es","title":{"rendered":"Informaci\u00f3n sobre la calidad del aire en las ciudades con puerto"},"content":{"rendered":"<p><a href=\"http:\/\/www.minetad.gob.es\/energia\/desarrollo\/EficienciaEnergetica\/RITE\/Reconocidos\/Reconocidos\/Otros%20documentos\/Factores_emision_CO2.pdf\" target=\"_blank\" rel=\"noopener noreferrer\">Factores de emisi\u00f3n de CO2 y coeficientes de paso a energ\u00eda primaria de diferentes fuentes de energ\u00eda final consumidas en el sector de edificios en Espa\u00f1a &#8211; Resoluci\u00f3n conjunta del Ministerio de Industria, Energ\u00eda y Turismo y del Ministerio de Fomento.<\/a><\/p>\n<p><a href=\"http:\/\/www.mapama.gob.es\/es\/calidad-y-evaluacion-ambiental\/temas\/atmosfera-y-calidad-del-aire\/calidad-del-aire\/planes-mejora\/\" target=\"_blank\" rel=\"noopener noreferrer\">Planes de mejora de la calidad del aire: nacional, auton\u00f3micos y locales (MAPAMA)<\/a><\/p>\n<p><a href=\"http:\/\/www.mapama.gob.es\/es\/calidad-y-evaluacion-ambiental\/temas\/atmosfera-y-calidad-del-aire\/calidad-del-aire\/documentacion-oficial\/\" target=\"_blank\" rel=\"noopener noreferrer\">Informes, publicaciones y estudios de la calidad del aire \u2013 Ministerio de Agricultura y Pesca, Alimentaci\u00f3n y Medio Ambiente.<\/a><\/p>\n<p><a href=\"http:\/\/www.puertos.es\/es-es\/medioambiente\/Documents\/pro6.pdf\">Modelos de dispersi\u00f3n y dep\u00f3sito de part\u00edculas atmosf\u00e9ricas PORTPUFF y SEDPORT. Realizado por Fernando Mart\u00edn e Inmaculada Palomino Unidad de Contaminaci\u00f3n Atmosf\u00e9rica. Departamento de Medio Ambiente CIEMAT \u2013 Proyecto HADA &#8211; 2004<\/a><\/p>\n<p>&nbsp;<\/p>\n","protected":false},"excerpt":{"rendered":"<p>Factores de emisi\u00f3n de CO2 y coeficientes de paso a energ\u00eda primaria de diferentes fuentes de energ\u00eda final consumidas en el sector de edificios en Espa\u00f1a &#8211; Resoluci\u00f3n conjunta del Ministerio de Industria, Energ\u00eda y Turismo y del Ministerio de Fomento. Planes de mejora de la calidad del aire: nacional,\u2026<\/p>\n<p> <a class=\"continue-reading-link\" href=\"https:\/\/poweratberth.eu\/?page_id=1462&#038;lang=es\"><span>Continue reading<\/span><i class=\"crycon-right-dir\"><\/i><\/a> <\/p>\n","protected":false},"author":7,"featured_media":0,"parent":0,"menu_order":0,"comment_status":"closed","ping_status":"closed","template":"","meta":[],"yoast_head":"<!-- This site is optimized with the Yoast SEO plugin v19.2 - https:\/\/yoast.com\/wordpress\/plugins\/seo\/ -->\n<title>Informaci\u00f3n sobre la calidad del aire en las ciudades con puerto - Power@berth<\/title>\n<meta name=\"robots\" content=\"index, follow, max-snippet:-1, max-image-preview:large, max-video-preview:-1\" \/>\n<link rel=\"canonical\" href=\"https:\/\/poweratberth.eu\/?page_id=1462&lang=es\" \/>\n<meta property=\"og:locale\" content=\"en_US\" \/>\n<meta property=\"og:type\" content=\"article\" \/>\n<meta property=\"og:title\" content=\"Informaci\u00f3n sobre la calidad del aire en las ciudades con puerto - Power@berth\" \/>\n<meta property=\"og:description\" content=\"Factores de emisi\u00f3n de CO2 y coeficientes de paso a energ\u00eda primaria de diferentes fuentes de energ\u00eda final consumidas en el sector de edificios en Espa\u00f1a &#8211; Resoluci\u00f3n conjunta del Ministerio de Industria, Energ\u00eda y Turismo y del Ministerio de Fomento. Planes de mejora de la calidad del aire: nacional,\u2026 Continue reading\" \/>\n<meta property=\"og:url\" content=\"https:\/\/poweratberth.eu\/?page_id=1462&amp;lang=es\" \/>\n<meta property=\"og:site_name\" content=\"Power@berth\" \/>\n<meta property=\"article:modified_time\" content=\"2017-07-14T11:06:02+00:00\" \/>\n<meta name=\"author\" content=\"demo\" \/>\n<meta name=\"twitter:card\" content=\"summary_large_image\" \/>\n<meta name=\"twitter:label1\" content=\"Est. reading time\" \/>\n\t<meta name=\"twitter:data1\" content=\"1 minute\" \/>\n<script type=\"application\/ld+json\" class=\"yoast-schema-graph\">{\"@context\":\"https:\/\/schema.org\",\"@graph\":[{\"@type\":\"Organization\",\"@id\":\"https:\/\/poweratberth.eu\/#organization\",\"name\":\"Ops Master Plan Spanish Ports\",\"url\":\"https:\/\/poweratberth.eu\/\",\"sameAs\":[],\"logo\":{\"@type\":\"ImageObject\",\"inLanguage\":\"en-US\",\"@id\":\"https:\/\/poweratberth.eu\/#\/schema\/logo\/image\/\",\"url\":\"http:\/\/poweratberth.eu\/wp-content\/uploads\/2017\/02\/logo2017-02-16.jpg\",\"contentUrl\":\"http:\/\/poweratberth.eu\/wp-content\/uploads\/2017\/02\/logo2017-02-16.jpg\",\"width\":512,\"height\":387,\"caption\":\"Ops Master Plan Spanish Ports\"},\"image\":{\"@id\":\"https:\/\/poweratberth.eu\/#\/schema\/logo\/image\/\"}},{\"@type\":\"WebSite\",\"@id\":\"https:\/\/poweratberth.eu\/#website\",\"url\":\"https:\/\/poweratberth.eu\/\",\"name\":\"Power@berth\",\"description\":\"Ops Spanish Ports\",\"publisher\":{\"@id\":\"https:\/\/poweratberth.eu\/#organization\"},\"potentialAction\":[{\"@type\":\"SearchAction\",\"target\":{\"@type\":\"EntryPoint\",\"urlTemplate\":\"https:\/\/poweratberth.eu\/?s={search_term_string}\"},\"query-input\":\"required name=search_term_string\"}],\"inLanguage\":\"en-US\"},{\"@type\":\"WebPage\",\"@id\":\"https:\/\/poweratberth.eu\/?page_id=1462&lang=es#webpage\",\"url\":\"https:\/\/poweratberth.eu\/?page_id=1462&lang=es\",\"name\":\"Informaci\u00f3n sobre la calidad del aire en las ciudades con puerto - Power@berth\",\"isPartOf\":{\"@id\":\"https:\/\/poweratberth.eu\/#website\"},\"datePublished\":\"2017-06-16T10:01:22+00:00\",\"dateModified\":\"2017-07-14T11:06:02+00:00\",\"breadcrumb\":{\"@id\":\"https:\/\/poweratberth.eu\/?page_id=1462&lang=es#breadcrumb\"},\"inLanguage\":\"en-US\",\"potentialAction\":[{\"@type\":\"ReadAction\",\"target\":[\"https:\/\/poweratberth.eu\/?page_id=1462&lang=es\"]}]},{\"@type\":\"BreadcrumbList\",\"@id\":\"https:\/\/poweratberth.eu\/?page_id=1462&lang=es#breadcrumb\",\"itemListElement\":[{\"@type\":\"ListItem\",\"position\":1,\"name\":\"Home\",\"item\":\"http:\/\/poweratberth.eu\/?lang=en\"},{\"@type\":\"ListItem\",\"position\":2,\"name\":\"Informaci\u00f3n sobre la calidad del aire en las ciudades con puerto\"}]}]}<\/script>\n<!-- \/ Yoast SEO plugin. -->","yoast_head_json":{"title":"Informaci\u00f3n sobre la calidad del aire en las ciudades con puerto - Power@berth","robots":{"index":"index","follow":"follow","max-snippet":"max-snippet:-1","max-image-preview":"max-image-preview:large","max-video-preview":"max-video-preview:-1"},"canonical":"https:\/\/poweratberth.eu\/?page_id=1462&lang=es","og_locale":"en_US","og_type":"article","og_title":"Informaci\u00f3n sobre la calidad del aire en las ciudades con puerto - Power@berth","og_description":"Factores de emisi\u00f3n de CO2 y coeficientes de paso a energ\u00eda primaria de diferentes fuentes de energ\u00eda final consumidas en el sector de edificios en Espa\u00f1a &#8211; Resoluci\u00f3n conjunta del Ministerio de Industria, Energ\u00eda y Turismo y del Ministerio de Fomento. Planes de mejora de la calidad del aire: nacional,\u2026 Continue reading","og_url":"https:\/\/poweratberth.eu\/?page_id=1462&lang=es","og_site_name":"Power@berth","article_modified_time":"2017-07-14T11:06:02+00:00","author":"demo","twitter_card":"summary_large_image","twitter_misc":{"Est. reading time":"1 minute"},"schema":{"@context":"https:\/\/schema.org","@graph":[{"@type":"Organization","@id":"https:\/\/poweratberth.eu\/#organization","name":"Ops Master Plan Spanish Ports","url":"https:\/\/poweratberth.eu\/","sameAs":[],"logo":{"@type":"ImageObject","inLanguage":"en-US","@id":"https:\/\/poweratberth.eu\/#\/schema\/logo\/image\/","url":"http:\/\/poweratberth.eu\/wp-content\/uploads\/2017\/02\/logo2017-02-16.jpg","contentUrl":"http:\/\/poweratberth.eu\/wp-content\/uploads\/2017\/02\/logo2017-02-16.jpg","width":512,"height":387,"caption":"Ops Master Plan Spanish Ports"},"image":{"@id":"https:\/\/poweratberth.eu\/#\/schema\/logo\/image\/"}},{"@type":"WebSite","@id":"https:\/\/poweratberth.eu\/#website","url":"https:\/\/poweratberth.eu\/","name":"Power@berth","description":"Ops Spanish Ports","publisher":{"@id":"https:\/\/poweratberth.eu\/#organization"},"potentialAction":[{"@type":"SearchAction","target":{"@type":"EntryPoint","urlTemplate":"https:\/\/poweratberth.eu\/?s={search_term_string}"},"query-input":"required name=search_term_string"}],"inLanguage":"en-US"},{"@type":"WebPage","@id":"https:\/\/poweratberth.eu\/?page_id=1462&lang=es#webpage","url":"https:\/\/poweratberth.eu\/?page_id=1462&lang=es","name":"Informaci\u00f3n sobre la calidad del aire en las ciudades con puerto - Power@berth","isPartOf":{"@id":"https:\/\/poweratberth.eu\/#website"},"datePublished":"2017-06-16T10:01:22+00:00","dateModified":"2017-07-14T11:06:02+00:00","breadcrumb":{"@id":"https:\/\/poweratberth.eu\/?page_id=1462&lang=es#breadcrumb"},"inLanguage":"en-US","potentialAction":[{"@type":"ReadAction","target":["https:\/\/poweratberth.eu\/?page_id=1462&lang=es"]}]},{"@type":"BreadcrumbList","@id":"https:\/\/poweratberth.eu\/?page_id=1462&lang=es#breadcrumb","itemListElement":[{"@type":"ListItem","position":1,"name":"Home","item":"http:\/\/poweratberth.eu\/?lang=en"},{"@type":"ListItem","position":2,"name":"Informaci\u00f3n sobre la calidad del aire en las ciudades con puerto"}]}]}},"_links":{"self":[{"href":"https:\/\/poweratberth.eu\/index.php?rest_route=\/wp\/v2\/pages\/1462"}],"collection":[{"href":"https:\/\/poweratberth.eu\/index.php?rest_route=\/wp\/v2\/pages"}],"about":[{"href":"https:\/\/poweratberth.eu\/index.php?rest_route=\/wp\/v2\/types\/page"}],"author":[{"embeddable":true,"href":"https:\/\/poweratberth.eu\/index.php?rest_route=\/wp\/v2\/users\/7"}],"replies":[{"embeddable":true,"href":"https:\/\/poweratberth.eu\/index.php?rest_route=%2Fwp%2Fv2%2Fcomments&post=1462"}],"version-history":[{"count":14,"href":"https:\/\/poweratberth.eu\/index.php?rest_route=\/wp\/v2\/pages\/1462\/revisions"}],"predecessor-version":[{"id":1704,"href":"https:\/\/poweratberth.eu\/index.php?rest_route=\/wp\/v2\/pages\/1462\/revisions\/1704"}],"wp:attachment":[{"href":"https:\/\/poweratberth.eu\/index.php?rest_route=%2Fwp%2Fv2%2Fmedia&parent=1462"}],"curies":[{"name":"wp","href":"https:\/\/api.w.org\/{rel}","templated":true}]}}