
{"id":1523,"date":"2017-06-23T08:17:33","date_gmt":"2017-06-23T08:17:33","guid":{"rendered":"http:\/\/poweratberth.eu\/?page_id=1523"},"modified":"2019-05-09T13:38:15","modified_gmt":"2019-05-09T13:38:15","slug":"videos-2","status":"publish","type":"page","link":"https:\/\/poweratberth.eu\/?page_id=1523&lang=es","title":{"rendered":"Operaciones OPS (v\u00eddeos)"},"content":{"rendered":"<p><a href=\"https:\/\/www.youtube.com\/watch?v=EPyXX3h9suU\">Instalaci\u00f3n OPS en el Puerto de Rotterdam para ferries<\/a><\/p>\n<p><a href=\"https:\/\/www.youtube.com\/watch?v=06k2q2Us9II\">Instalaci\u00f3n OPS en el Puerto de Marsella para ferries<\/a><\/p>\n<p><a href=\"https:\/\/www.youtube.com\/watch?v=XsEEdJl15po\">Instalaci\u00f3n OPS en el Puerto de Long Beach para buques portacontenedores<\/a><\/p>\n<p><a href=\"http:\/\/www.rtve.es\/alacarta\/videos\/el-escarabajo-verde\/escarabajo-verde-cruceros-muchos-humos\/3724049\/\">Compromiso de estudio de las posibilidades de diferentes fuentes de alimentar electricidad a los buques para que dejen de utilizar los motores auxiliares en determinados puntos en el Puerto de Barcelona<\/a><\/p>\n","protected":false},"excerpt":{"rendered":"<p>Instalaci\u00f3n OPS en el Puerto de Rotterdam para ferries Instalaci\u00f3n OPS en el Puerto de Marsella para ferries Instalaci\u00f3n OPS en el Puerto de Long Beach para buques portacontenedores Compromiso de estudio de las posibilidades de diferentes fuentes de alimentar electricidad a los buques para que dejen de utilizar los\u2026<\/p>\n<p> <a class=\"continue-reading-link\" href=\"https:\/\/poweratberth.eu\/?page_id=1523&#038;lang=es\"><span>Continue reading<\/span><i class=\"crycon-right-dir\"><\/i><\/a> <\/p>\n","protected":false},"author":4,"featured_media":0,"parent":0,"menu_order":0,"comment_status":"closed","ping_status":"closed","template":"","meta":[],"yoast_head":"<!-- This site is optimized with the Yoast SEO plugin v19.2 - https:\/\/yoast.com\/wordpress\/plugins\/seo\/ -->\n<title>Operaciones OPS (v\u00eddeos) - Power@berth<\/title>\n<meta name=\"robots\" content=\"index, follow, max-snippet:-1, max-image-preview:large, max-video-preview:-1\" \/>\n<link rel=\"canonical\" href=\"https:\/\/poweratberth.eu\/?page_id=1523&lang=es\" \/>\n<meta property=\"og:locale\" content=\"en_US\" \/>\n<meta property=\"og:type\" content=\"article\" \/>\n<meta property=\"og:title\" content=\"Operaciones OPS (v\u00eddeos) - Power@berth\" \/>\n<meta property=\"og:description\" content=\"Instalaci\u00f3n OPS en el Puerto de Rotterdam para ferries Instalaci\u00f3n OPS en el Puerto de Marsella para ferries Instalaci\u00f3n OPS en el Puerto de Long Beach para buques portacontenedores Compromiso de estudio de las posibilidades de diferentes fuentes de alimentar electricidad a los buques para que dejen de utilizar los\u2026 Continue reading\" \/>\n<meta property=\"og:url\" content=\"https:\/\/poweratberth.eu\/?page_id=1523&amp;lang=es\" \/>\n<meta property=\"og:site_name\" content=\"Power@berth\" \/>\n<meta property=\"article:modified_time\" content=\"2019-05-09T13:38:15+00:00\" \/>\n<meta name=\"author\" content=\"jcueva\" \/>\n<meta name=\"twitter:card\" content=\"summary_large_image\" \/>\n<script type=\"application\/ld+json\" class=\"yoast-schema-graph\">{\"@context\":\"https:\/\/schema.org\",\"@graph\":[{\"@type\":\"Organization\",\"@id\":\"https:\/\/poweratberth.eu\/#organization\",\"name\":\"Ops Master Plan Spanish Ports\",\"url\":\"https:\/\/poweratberth.eu\/\",\"sameAs\":[],\"logo\":{\"@type\":\"ImageObject\",\"inLanguage\":\"en-US\",\"@id\":\"https:\/\/poweratberth.eu\/#\/schema\/logo\/image\/\",\"url\":\"http:\/\/poweratberth.eu\/wp-content\/uploads\/2017\/02\/logo2017-02-16.jpg\",\"contentUrl\":\"http:\/\/poweratberth.eu\/wp-content\/uploads\/2017\/02\/logo2017-02-16.jpg\",\"width\":512,\"height\":387,\"caption\":\"Ops Master Plan Spanish Ports\"},\"image\":{\"@id\":\"https:\/\/poweratberth.eu\/#\/schema\/logo\/image\/\"}},{\"@type\":\"WebSite\",\"@id\":\"https:\/\/poweratberth.eu\/#website\",\"url\":\"https:\/\/poweratberth.eu\/\",\"name\":\"Power@berth\",\"description\":\"Ops Spanish Ports\",\"publisher\":{\"@id\":\"https:\/\/poweratberth.eu\/#organization\"},\"potentialAction\":[{\"@type\":\"SearchAction\",\"target\":{\"@type\":\"EntryPoint\",\"urlTemplate\":\"https:\/\/poweratberth.eu\/?s={search_term_string}\"},\"query-input\":\"required name=search_term_string\"}],\"inLanguage\":\"en-US\"},{\"@type\":\"WebPage\",\"@id\":\"https:\/\/poweratberth.eu\/?page_id=1523&lang=es#webpage\",\"url\":\"https:\/\/poweratberth.eu\/?page_id=1523&lang=es\",\"name\":\"Operaciones OPS (v\u00eddeos) - Power@berth\",\"isPartOf\":{\"@id\":\"https:\/\/poweratberth.eu\/#website\"},\"datePublished\":\"2017-06-23T08:17:33+00:00\",\"dateModified\":\"2019-05-09T13:38:15+00:00\",\"breadcrumb\":{\"@id\":\"https:\/\/poweratberth.eu\/?page_id=1523&lang=es#breadcrumb\"},\"inLanguage\":\"en-US\",\"potentialAction\":[{\"@type\":\"ReadAction\",\"target\":[\"https:\/\/poweratberth.eu\/?page_id=1523&lang=es\"]}]},{\"@type\":\"BreadcrumbList\",\"@id\":\"https:\/\/poweratberth.eu\/?page_id=1523&lang=es#breadcrumb\",\"itemListElement\":[{\"@type\":\"ListItem\",\"position\":1,\"name\":\"Home\",\"item\":\"http:\/\/poweratberth.eu\/?lang=en\"},{\"@type\":\"ListItem\",\"position\":2,\"name\":\"Operaciones OPS (v\u00eddeos)\"}]}]}<\/script>\n<!-- \/ Yoast SEO plugin. -->","yoast_head_json":{"title":"Operaciones OPS (v\u00eddeos) - Power@berth","robots":{"index":"index","follow":"follow","max-snippet":"max-snippet:-1","max-image-preview":"max-image-preview:large","max-video-preview":"max-video-preview:-1"},"canonical":"https:\/\/poweratberth.eu\/?page_id=1523&lang=es","og_locale":"en_US","og_type":"article","og_title":"Operaciones OPS (v\u00eddeos) - Power@berth","og_description":"Instalaci\u00f3n OPS en el Puerto de Rotterdam para ferries Instalaci\u00f3n OPS en el Puerto de Marsella para ferries Instalaci\u00f3n OPS en el Puerto de Long Beach para buques portacontenedores Compromiso de estudio de las posibilidades de diferentes fuentes de alimentar electricidad a los buques para que dejen de utilizar los\u2026 Continue reading","og_url":"https:\/\/poweratberth.eu\/?page_id=1523&lang=es","og_site_name":"Power@berth","article_modified_time":"2019-05-09T13:38:15+00:00","author":"jcueva","twitter_card":"summary_large_image","schema":{"@context":"https:\/\/schema.org","@graph":[{"@type":"Organization","@id":"https:\/\/poweratberth.eu\/#organization","name":"Ops Master Plan Spanish Ports","url":"https:\/\/poweratberth.eu\/","sameAs":[],"logo":{"@type":"ImageObject","inLanguage":"en-US","@id":"https:\/\/poweratberth.eu\/#\/schema\/logo\/image\/","url":"http:\/\/poweratberth.eu\/wp-content\/uploads\/2017\/02\/logo2017-02-16.jpg","contentUrl":"http:\/\/poweratberth.eu\/wp-content\/uploads\/2017\/02\/logo2017-02-16.jpg","width":512,"height":387,"caption":"Ops Master Plan Spanish Ports"},"image":{"@id":"https:\/\/poweratberth.eu\/#\/schema\/logo\/image\/"}},{"@type":"WebSite","@id":"https:\/\/poweratberth.eu\/#website","url":"https:\/\/poweratberth.eu\/","name":"Power@berth","description":"Ops Spanish Ports","publisher":{"@id":"https:\/\/poweratberth.eu\/#organization"},"potentialAction":[{"@type":"SearchAction","target":{"@type":"EntryPoint","urlTemplate":"https:\/\/poweratberth.eu\/?s={search_term_string}"},"query-input":"required name=search_term_string"}],"inLanguage":"en-US"},{"@type":"WebPage","@id":"https:\/\/poweratberth.eu\/?page_id=1523&lang=es#webpage","url":"https:\/\/poweratberth.eu\/?page_id=1523&lang=es","name":"Operaciones OPS (v\u00eddeos) - Power@berth","isPartOf":{"@id":"https:\/\/poweratberth.eu\/#website"},"datePublished":"2017-06-23T08:17:33+00:00","dateModified":"2019-05-09T13:38:15+00:00","breadcrumb":{"@id":"https:\/\/poweratberth.eu\/?page_id=1523&lang=es#breadcrumb"},"inLanguage":"en-US","potentialAction":[{"@type":"ReadAction","target":["https:\/\/poweratberth.eu\/?page_id=1523&lang=es"]}]},{"@type":"BreadcrumbList","@id":"https:\/\/poweratberth.eu\/?page_id=1523&lang=es#breadcrumb","itemListElement":[{"@type":"ListItem","position":1,"name":"Home","item":"http:\/\/poweratberth.eu\/?lang=en"},{"@type":"ListItem","position":2,"name":"Operaciones OPS (v\u00eddeos)"}]}]}},"_links":{"self":[{"href":"https:\/\/poweratberth.eu\/index.php?rest_route=\/wp\/v2\/pages\/1523"}],"collection":[{"href":"https:\/\/poweratberth.eu\/index.php?rest_route=\/wp\/v2\/pages"}],"about":[{"href":"https:\/\/poweratberth.eu\/index.php?rest_route=\/wp\/v2\/types\/page"}],"author":[{"embeddable":true,"href":"https:\/\/poweratberth.eu\/index.php?rest_route=\/wp\/v2\/users\/4"}],"replies":[{"embeddable":true,"href":"https:\/\/poweratberth.eu\/index.php?rest_route=%2Fwp%2Fv2%2Fcomments&post=1523"}],"version-history":[{"count":10,"href":"https:\/\/poweratberth.eu\/index.php?rest_route=\/wp\/v2\/pages\/1523\/revisions"}],"predecessor-version":[{"id":2115,"href":"https:\/\/poweratberth.eu\/index.php?rest_route=\/wp\/v2\/pages\/1523\/revisions\/2115"}],"wp:attachment":[{"href":"https:\/\/poweratberth.eu\/index.php?rest_route=%2Fwp%2Fv2%2Fmedia&parent=1523"}],"curies":[{"name":"wp","href":"https:\/\/api.w.org\/{rel}","templated":true}]}}