
{"id":208,"date":"2017-05-05T08:50:52","date_gmt":"2017-05-05T08:50:52","guid":{"rendered":"http:\/\/poweratberth.eu\/src\/?page_id=208"},"modified":"2017-10-20T11:46:08","modified_gmt":"2017-10-20T11:46:08","slug":"documentacion-tecnica","status":"publish","type":"page","link":"https:\/\/poweratberth.eu\/?page_id=208&lang=es","title":{"rendered":"Documentaci\u00f3n t\u00e9cnica"},"content":{"rendered":"<p>Existen gran cantidad de documentos t\u00e9cnicos sobre suministro de energ\u00eda desde tierra. Mas abajo se han listado algunos de los mas relevanes para su consulta:<\/p>\n<ol>\n<li><strong>Estudios Generales de OPS<\/strong><\/li>\n<li><strong>Calidad del Aire (GEI y Contaminaci\u00f3n)<\/strong><\/li>\n<li><strong>Equipamiento Electro-mec\u00e1nico a bordo y en tierra<\/strong><\/li>\n<li><strong>Estandar internacional de la conexi\u00f3n para el suministro el\u00e9ctrico buque-tierra<\/strong><\/li>\n<\/ol>\n<p><strong>1.Estudios Generales de OPS<\/strong><\/p>\n<p>Medidas para la dotaci\u00f3n de suministro el\u00e9ctrico a buques en atraque en los puertos de inter\u00e9s general \u2013 Organismo P\u00fablico Puertos del Estado \u2013 2016<\/p>\n<p>        <style>        .wpfd-single-file .wpfd_previewlink {            margin-top: 10px;            display: block;            font-weight: bold;        }                .wpfd-single-file .wpfd-file-link {            background-color:#444444 !important;        }                        .wpfd-single-file .wpfd-file-link a{            color:#ffffff !important;        }                        .wpfd-single-file .wpfd-file-link a:hover {            background-color:#888888 !important;        }            <\/style>    <div class=\"wpfd-file wpfd-single-file\" data-file=\"1595\">        <div class=\"wpfd-file-link wpfd_downloadlink\">        <a class=\"noLightbox\"           href=\"https:\/\/poweratberth.eu\/wp-admin\/admin-ajax.php?juwpfisadmin=false&action=wpfd&task=file.download&wpfd_category_id=86&wpfd_file_id=1595\"           data-id=\"1595\" title=\"Medidas para la dotaci\u00f3n de suministro el\u00e9ctrico a buques en los puertos de inter\u00e9s general - Octubre 2016\">            <span class=\"droptitle\">Medidas para la dotaci\u00f3n de suministro el\u00e9ctrico a buques en los puertos de inter\u00e9s general - Octubre 2016<\/span><br\/>                <span class=\"dropinfos\">                                                 <b>Size : <\/b>6.20 mb                                          <b>Format : <\/b>PDF                    <\/span>        <\/a><br>                    <a data-id=\"1595\" data-catid=\"86\" data-file-type=\"pdf\" class=\"openlink wpfdlightbox wpfd_previewlink noLightbox\" href=\"https:\/\/docs.google.com\/viewer?url=https%3A%2F%2Fpoweratberth.eu%2Fwp-admin%2Fadmin-ajax.php%3Fjuwpfisadmin%3Dfalse%26action%3Dwpfd%26task%3Dfile.download%26wpfd_category_id%3D86%26wpfd_file_id%3D1595%26token%3D09148c8c460b3f152c59d46f4dd5c370%26preview%3D1&embedded=true\">                Preview<\/a>                <\/div>    <\/div><\/p>\n<p><a href=\"https:\/\/www.portauthoritynsw.com.au\/sustainability-environment\/air-noise-emissions\/shore-power-study\/\">Shore power study &#8211; Port Authorty of New South Wales (Australia) &#8211; 2017<\/a><\/p>\n<p><a href=\"http:\/\/www.ecofys.com\/files\/files\/ecofys-2014-potential-for-shore-side-electricity-in-europe.pdf\" target=\"_blank\" rel=\"noopener noreferrer\">Potential for Shore Side Electricity in Europe \u2013 ECOFYS \u2013 2015<\/a><\/p>\n<p><a href=\"https:\/\/ec.europa.eu\/transport\/sites\/transport\/files\/themes\/urban\/studies\/doc\/2015-07-alter-fuels-transport-syst-in-eu.pdf\" target=\"_blank\" rel=\"noopener noreferrer\" data-saferedirecturl=\"https:\/\/www.google.com\/url?hl=es&amp;q=https:\/\/ec.europa.eu\/transport\/sites\/transport\/files\/themes\/urban\/studies\/doc\/2015-07-alter-fuels-transport-syst-in-eu.pdf&amp;source=gmail&amp;ust=1497933459514000&amp;usg=AFQjCNHcd1PY1NacboXIqfOU3cjg2jUQrA\">State of the Art on Alternative Fuels Transport Systems in the European Union \u2013 COWI \u2013 2015<\/a><\/p>\n<p><a href=\"a partir de la capacidad del buque seg\u00fan el sistema bin: GT, dwt, TEU, cm3 y n\u00ba veh\u00edculos.\" target=\"_blank\" rel=\"noopener noreferrer\">Cold Ironing and onshore generation for airborne emission reductions in ports. <span style=\"color: #0066cc;\">Sciberras EA, Zahawi B, Atkinson DJ, Juand\u00f3 A, Sarasquete A. Newcastle University &#8211; 2015<\/span>.<\/a><\/p>\n<p><a href=\"https:\/\/riunet.upv.es\/handle\/10251\/29175?show=full\" target=\"_blank\" rel=\"noopener noreferrer\" data-saferedirecturl=\"https:\/\/www.google.com\/url?hl=es&amp;q=https:\/\/riunet.upv.es\/handle\/10251\/29175?show%3Dfull&amp;source=gmail&amp;ust=1497933459513000&amp;usg=AFQjCNFzwRNK0A7dRXo9UFa7vzr95DuE0w\">An\u00e1lisis de viabilidad de suministro el\u00e9ctrico a buques atracados en el Puerto de Valencia- Arturo Grau Ortega &#8211; Universitat Politecnica de Valencia &#8211; 2013<\/a><\/p>\n<p><a href=\"http:\/\/www.martrans.org\/docs\/theses\/papoutsoglou.pdf\" target=\"_blank\" rel=\"noopener noreferrer\" data-saferedirecturl=\"https:\/\/www.google.com\/url?hl=es&amp;q=http:\/\/www.martrans.org\/docs\/theses\/papoutsoglou.pdf&amp;source=gmail&amp;ust=1497933459514000&amp;usg=AFQjCNGSLQBR1_Uyi3nLv6hJSBFpCpmRKw\">A Cold Ironing Study on Modern Ports, Implementation and Benefits, Thriving for Worldwide Ports &#8211; PAPOUTSOGLOU G. THEODOROS &#8211; School of Naval Architecture &amp; Marine Engineering National Technical University of Athens &#8211; 2012<\/a><\/p>\n<p><a href=\"http:\/\/publications.lib.chalmers.se\/records\/fulltext\/174062\/174062.pdf\" target=\"_blank\" rel=\"noopener noreferrer\">Shore side power supply &#8211; Univercity of Chalmers &#8211; 2008<\/a><\/p>\n<p><a href=\"http:\/\/www.ops.wpci.nl\/_images\/_downloads\/_original\/1266311641_reportshoreconnectedpowerportofrotterdam.pdf\">Alternative maritime power in the port of Rotterdam &#8211; 2006<\/a><\/p>\n<p><a href=\"http:\/\/ec.europa.eu\/environment\/air\/pdf\/task2_shoreside.pdf\">Service Contract on Ship Emissions: Assignment, Abatement and Market-based Instruments: Task 2a \u2013 Shore-Side Electricity \u2013 Final report &#8211; COM &#8211; Entec UK Limited &#8211; 2005<\/a><\/p>\n<p><a href=\"http:\/\/www.ops.wpci.nl\/_images\/_downloads\/_original\/1264090795_2004maritermshore-sideelectricityforshipsinports.pdf\" target=\"_blank\" rel=\"noopener noreferrer\" data-saferedirecturl=\"https:\/\/www.google.com\/url?hl=es&amp;q=http:\/\/www.ops.wpci.nl\/_images\/_downloads\/_original\/1264090795_2004maritermshore-sideelectricityforshipsinports.pdf&amp;source=gmail&amp;ust=1497933459514000&amp;usg=AFQjCNHYG3W7w7CNWNFVSEm6hfhuFcLGXQ\">Shore-side electricity for ships in ports \u2013 Karl Jiv\u00e9n (MariTerm AB) \u2013 2004<\/a><\/p>\n<p>&nbsp;<\/p>\n<p><strong>2.Calidad del Aire (GEI y Contaminaci\u00f3n)<\/strong><\/p>\n<p><a href=\"https:\/\/www.google.es\/url?sa=t&amp;rct=j&amp;q=&amp;esrc=s&amp;source=web&amp;cd=1&amp;ved=0ahUKEwinkbi4t6nUAhXIPxQKHWCxCc0QFgglMAA&amp;url=https%3A%2F%2Fwww.danishshipping.dk%2Fservices%2Fberegningsvaerktoejer%2Fdownload%2FBasic_Model_Linkarea_Link%2F164%2Fwp-2-report-5-energy-demand-and-emissions-of-marine-engines.pdf&amp;usg=AFQjCNEd0bpW0rCxl6r871bQhxOM1Wl1zQ\" target=\"_blank\" rel=\"noopener noreferrer\">Energy demand and exhaust gas emissions of marine engines. Technical University of Denmark Hans Otto Kristensen &#8211; 2012<\/a><\/p>\n<p><a href=\"http:\/\/www.google.es\/url?sa=t&amp;rct=j&amp;q=&amp;esrc=s&amp;source=web&amp;cd=1&amp;cad=rja&amp;uact=8&amp;sqi=2&amp;ved=0ahUKEwjO0d3VuKnUAhXCWhQKHZ7-ACAQFggiMAA&amp;url=http%3A%2F%2Fwww.imo.org%2Fen%2FOurWork%2FEnvironment%2FPollutionPrevention%2FAirPollution%2FDocuments%2FThird%2520Greenhouse%2520Gas%2520Study%2FGHG3%2520Executive%2520Summary%2520and%2520Report.pdf&amp;usg=AFQjCNGV_FYR8DtTwmmZq-4vL7f14GGDSw\" target=\"_blank\" rel=\"noopener noreferrer\">Third IMO greenhouse gas study 2014<\/a><\/p>\n<p><a href=\"http:\/\/www.google.es\/url?sa=t&amp;rct=j&amp;q=&amp;esrc=s&amp;source=web&amp;cd=1&amp;cad=rja&amp;uact=8&amp;ved=0ahUKEwjh4qrFuqnUAhULbxQKHa3LCt4QFggnMAA&amp;url=http%3A%2F%2Fec.europa.eu%2Fenvironment%2Fair%2Fpdf%2Fchapter1_ship_emissions.pdf&amp;usg=AFQjCNGkSaFIP2OnFkiwTDYOhhf4vNlFNg\" target=\"_blank\" rel=\"noopener noreferrer\">Quantification of emissions from ships associated with ship movements between ports in the EU &#8211; European Commission -2002<\/a><\/p>\n<p><strong>3. Equipamiento Electro-mec\u00e1nico a bordo y en tierra<\/strong><\/p>\n<p>General<\/p>\n<p>        <style>        .wpfd-single-file .wpfd_previewlink {            margin-top: 10px;            display: block;            font-weight: bold;        }                .wpfd-single-file .wpfd-file-link {            background-color:#444444 !important;        }                        .wpfd-single-file .wpfd-file-link a{            color:#ffffff !important;        }                        .wpfd-single-file .wpfd-file-link a:hover {            background-color:#888888 !important;        }            <\/style>    <div class=\"wpfd-file wpfd-single-file\" data-file=\"1733\">        <div class=\"wpfd-file-link wpfd_downloadlink\">        <a class=\"noLightbox\"           href=\"https:\/\/poweratberth.eu\/wp-admin\/admin-ajax.php?juwpfisadmin=false&action=wpfd&task=file.download&wpfd_category_id=88&wpfd_file_id=1733\"           data-id=\"1733\" title=\"Reglas en esquema\">            <span class=\"droptitle\">Reglas en esquema<\/span><br\/>                <span class=\"dropinfos\">                                                 <b>Size : <\/b>431.81 kb                                          <b>Format : <\/b>PDF                    <\/span>        <\/a><br>                    <a data-id=\"1733\" data-catid=\"88\" data-file-type=\"pdf\" class=\"openlink wpfdlightbox wpfd_previewlink noLightbox\" href=\"https:\/\/docs.google.com\/viewer?url=https%3A%2F%2Fpoweratberth.eu%2Fwp-admin%2Fadmin-ajax.php%3Fjuwpfisadmin%3Dfalse%26action%3Dwpfd%26task%3Dfile.download%26wpfd_category_id%3D88%26wpfd_file_id%3D1733%26token%3D09148c8c460b3f152c59d46f4dd5c370%26preview%3D1&embedded=true\">                Preview<\/a>                <\/div>    <\/div><\/p>\n<p>Especificaciones (cortes\u00eda de Lloyds Register):<\/p>\n<p>(Ingl\u00e9s) Equipamiento a bordo para tomar energ\u00eda el\u00e9ctrica de tierra (Rules and Regulations for the Classification of Ships &#8211; July 2016 &#8211; Cortes\u00eda de\u00a0Lloyds Register)<\/p>\n<p>        <style>        .wpfd-single-file .wpfd_previewlink {            margin-top: 10px;            display: block;            font-weight: bold;        }                .wpfd-single-file .wpfd-file-link {            background-color:#444444 !important;        }                        .wpfd-single-file .wpfd-file-link a{            color:#ffffff !important;        }                        .wpfd-single-file .wpfd-file-link a:hover {            background-color:#888888 !important;        }            <\/style>    <div class=\"wpfd-file wpfd-single-file\" data-file=\"1742\">        <div class=\"wpfd-file-link wpfd_downloadlink\">        <a class=\"noLightbox\"           href=\"https:\/\/poweratberth.eu\/wp-admin\/admin-ajax.php?juwpfisadmin=false&action=wpfd&task=file.download&wpfd_category_id=65&wpfd_file_id=1742\"           data-id=\"1742\" title=\"On-shore Power equipment on board (Rules and Regulations for the Classification of Ships - July 2016 - Courtesy of Lloyds Register)\">            <span class=\"droptitle\">On-shore Power equipment on board (Rules and Regulations for the Classification of Ships - July 2016 - Courtesy of Lloyds Register)<\/span><br\/>                <span class=\"dropinfos\">                                                 <b>Size : <\/b>170.88 kb                                          <b>Format : <\/b>PDF                    <\/span>        <\/a><br>                    <a data-id=\"1742\" data-catid=\"65\" data-file-type=\"pdf\" class=\"openlink wpfdlightbox wpfd_previewlink noLightbox\" href=\"https:\/\/docs.google.com\/viewer?url=https%3A%2F%2Fpoweratberth.eu%2Fwp-admin%2Fadmin-ajax.php%3Fjuwpfisadmin%3Dfalse%26action%3Dwpfd%26task%3Dfile.download%26wpfd_category_id%3D65%26wpfd_file_id%3D1742%26token%3D09148c8c460b3f152c59d46f4dd5c370%26preview%3D1&embedded=true\">                Preview<\/a>                <\/div>    <\/div><\/p>\n<p>(Ingl\u00e9s) Calidad de suministro el\u00e9ctrico a recibir por el equipo a bordo en buques clasificados (Rules and Regulations for the Classification of Ships &#8211; July 2016 &#8211; Cortes\u00eda de Lloyds Register)<\/p>\n<p>        <style>        .wpfd-single-file .wpfd_previewlink {            margin-top: 10px;            display: block;            font-weight: bold;        }                .wpfd-single-file .wpfd-file-link {            background-color:#444444 !important;        }                        .wpfd-single-file .wpfd-file-link a{            color:#ffffff !important;        }                        .wpfd-single-file .wpfd-file-link a:hover {            background-color:#888888 !important;        }            <\/style>    <div class=\"wpfd-file wpfd-single-file\" data-file=\"1744\">        <div class=\"wpfd-file-link wpfd_downloadlink\">        <a class=\"noLightbox\"           href=\"https:\/\/poweratberth.eu\/wp-admin\/admin-ajax.php?juwpfisadmin=false&action=wpfd&task=file.download&wpfd_category_id=65&wpfd_file_id=1744\"           data-id=\"1744\" title=\"Quality of Power Supply as for ship classified equipment on board (Rules and Regulations for the Classification of Ships - July 2016 - Courtesy of Lloyds Register)\">            <span class=\"droptitle\">Quality of Power Supply as for ship classified equipment on board (Rules and Regulations for the Classification of Ships - July 2016 - Courtesy of Lloyds Register)<\/span><br\/>                <span class=\"dropinfos\">                                                 <b>Size : <\/b>136.34 kb                                          <b>Format : <\/b>PDF                    <\/span>        <\/a><br>                    <a data-id=\"1744\" data-catid=\"65\" data-file-type=\"pdf\" class=\"openlink wpfdlightbox wpfd_previewlink noLightbox\" href=\"https:\/\/docs.google.com\/viewer?url=https%3A%2F%2Fpoweratberth.eu%2Fwp-admin%2Fadmin-ajax.php%3Fjuwpfisadmin%3Dfalse%26action%3Dwpfd%26task%3Dfile.download%26wpfd_category_id%3D65%26wpfd_file_id%3D1744%26token%3D09148c8c460b3f152c59d46f4dd5c370%26preview%3D1&embedded=true\">                Preview<\/a>                <\/div>    <\/div><\/p>\n<p>(Ingl\u00e9s) Esquema unifilar de la conexi\u00f3n\u00a0de la instalaci\u00f3n\u00a0a bordo para suministro el\u00e9ctrico\u00a0en atraque (Rules and Regulations for the Classification of Ships &#8211; July 2016 &#8211; Cortes\u00eda de Lloyds Register)<\/p>\n<p><strong>4.Est\u00e1ndar internacional para la conexi\u00f3n buque-tierra<\/strong><\/p>\n<p><a href=\"https:\/\/www.google.es\/url?sa=t&amp;rct=j&amp;q=&amp;esrc=s&amp;source=web&amp;cd=1&amp;cad=rja&amp;uact=8&amp;ved=0ahUKEwiF1smkuanUAhWEVhQKHaSuBmgQFggiMAA&amp;url=https%3A%2F%2Fwww.iso.org%2Fstandard%2F53588.html&amp;usg=AFQjCNFQ_W5zg-xWR0ooinE5oOXYY2ruxw\" target=\"_blank\" rel=\"noopener noreferrer\">ISO\/IEC\/IEEE 80005-1:2012<\/a><\/p>\n<p>&nbsp;<\/p>\n","protected":false},"excerpt":{"rendered":"<p>Existen gran cantidad de documentos t\u00e9cnicos sobre suministro de energ\u00eda desde tierra. Mas abajo se han listado algunos de los mas relevanes para su consulta: Estudios Generales de OPS Calidad del Aire (GEI y Contaminaci\u00f3n) Equipamiento Electro-mec\u00e1nico a bordo y en tierra Estandar internacional de la conexi\u00f3n para el suministro\u2026<\/p>\n<p> <a class=\"continue-reading-link\" href=\"https:\/\/poweratberth.eu\/?page_id=208&#038;lang=es\"><span>Continue reading<\/span><i class=\"crycon-right-dir\"><\/i><\/a> <\/p>\n","protected":false},"author":2,"featured_media":0,"parent":0,"menu_order":0,"comment_status":"closed","ping_status":"closed","template":"","meta":[],"yoast_head":"<!-- This site is optimized with the Yoast SEO plugin v19.2 - https:\/\/yoast.com\/wordpress\/plugins\/seo\/ -->\n<title>Documentaci\u00f3n t\u00e9cnica - Power@berth<\/title>\n<meta name=\"robots\" content=\"index, follow, max-snippet:-1, max-image-preview:large, max-video-preview:-1\" \/>\n<link rel=\"canonical\" href=\"https:\/\/poweratberth.eu\/?page_id=208&lang=es\" \/>\n<meta property=\"og:locale\" content=\"en_US\" \/>\n<meta property=\"og:type\" content=\"article\" \/>\n<meta property=\"og:title\" content=\"Documentaci\u00f3n t\u00e9cnica - Power@berth\" \/>\n<meta property=\"og:description\" content=\"Existen gran cantidad de documentos t\u00e9cnicos sobre suministro de energ\u00eda desde tierra. Mas abajo se han listado algunos de los mas relevanes para su consulta: Estudios Generales de OPS Calidad del Aire (GEI y Contaminaci\u00f3n) Equipamiento Electro-mec\u00e1nico a bordo y en tierra Estandar internacional de la conexi\u00f3n para el suministro\u2026 Continue reading\" \/>\n<meta property=\"og:url\" content=\"https:\/\/poweratberth.eu\/?page_id=208&amp;lang=es\" \/>\n<meta property=\"og:site_name\" content=\"Power@berth\" \/>\n<meta property=\"article:modified_time\" content=\"2017-10-20T11:46:08+00:00\" \/>\n<meta property=\"og:image\" content=\"http:\/\/poweratberth.eu\/wp-content\/plugins\/wp-file-download\/app\/admin\/assets\/images\/t.gif\" \/>\n<meta name=\"author\" content=\"miluse\" \/>\n<meta name=\"twitter:card\" content=\"summary_large_image\" \/>\n<meta name=\"twitter:label1\" content=\"Est. reading time\" \/>\n\t<meta name=\"twitter:data1\" content=\"2 minutes\" \/>\n<script type=\"application\/ld+json\" class=\"yoast-schema-graph\">{\"@context\":\"https:\/\/schema.org\",\"@graph\":[{\"@type\":\"Organization\",\"@id\":\"https:\/\/poweratberth.eu\/#organization\",\"name\":\"Ops Master Plan Spanish Ports\",\"url\":\"https:\/\/poweratberth.eu\/\",\"sameAs\":[],\"logo\":{\"@type\":\"ImageObject\",\"inLanguage\":\"en-US\",\"@id\":\"https:\/\/poweratberth.eu\/#\/schema\/logo\/image\/\",\"url\":\"http:\/\/poweratberth.eu\/wp-content\/uploads\/2017\/02\/logo2017-02-16.jpg\",\"contentUrl\":\"http:\/\/poweratberth.eu\/wp-content\/uploads\/2017\/02\/logo2017-02-16.jpg\",\"width\":512,\"height\":387,\"caption\":\"Ops Master Plan Spanish Ports\"},\"image\":{\"@id\":\"https:\/\/poweratberth.eu\/#\/schema\/logo\/image\/\"}},{\"@type\":\"WebSite\",\"@id\":\"https:\/\/poweratberth.eu\/#website\",\"url\":\"https:\/\/poweratberth.eu\/\",\"name\":\"Power@berth\",\"description\":\"Ops Spanish Ports\",\"publisher\":{\"@id\":\"https:\/\/poweratberth.eu\/#organization\"},\"potentialAction\":[{\"@type\":\"SearchAction\",\"target\":{\"@type\":\"EntryPoint\",\"urlTemplate\":\"https:\/\/poweratberth.eu\/?s={search_term_string}\"},\"query-input\":\"required name=search_term_string\"}],\"inLanguage\":\"en-US\"},{\"@type\":\"ImageObject\",\"inLanguage\":\"en-US\",\"@id\":\"https:\/\/poweratberth.eu\/?page_id=208&lang=es#primaryimage\",\"url\":\"http:\/\/poweratberth.eu\/wp-content\/plugins\/wp-file-download\/app\/admin\/assets\/images\/t.gif\",\"contentUrl\":\"http:\/\/poweratberth.eu\/wp-content\/plugins\/wp-file-download\/app\/admin\/assets\/images\/t.gif\"},{\"@type\":\"WebPage\",\"@id\":\"https:\/\/poweratberth.eu\/?page_id=208&lang=es#webpage\",\"url\":\"https:\/\/poweratberth.eu\/?page_id=208&lang=es\",\"name\":\"Documentaci\u00f3n t\u00e9cnica - Power@berth\",\"isPartOf\":{\"@id\":\"https:\/\/poweratberth.eu\/#website\"},\"primaryImageOfPage\":{\"@id\":\"https:\/\/poweratberth.eu\/?page_id=208&lang=es#primaryimage\"},\"datePublished\":\"2017-05-05T08:50:52+00:00\",\"dateModified\":\"2017-10-20T11:46:08+00:00\",\"breadcrumb\":{\"@id\":\"https:\/\/poweratberth.eu\/?page_id=208&lang=es#breadcrumb\"},\"inLanguage\":\"en-US\",\"potentialAction\":[{\"@type\":\"ReadAction\",\"target\":[\"https:\/\/poweratberth.eu\/?page_id=208&lang=es\"]}]},{\"@type\":\"BreadcrumbList\",\"@id\":\"https:\/\/poweratberth.eu\/?page_id=208&lang=es#breadcrumb\",\"itemListElement\":[{\"@type\":\"ListItem\",\"position\":1,\"name\":\"Home\",\"item\":\"http:\/\/poweratberth.eu\/?lang=en\"},{\"@type\":\"ListItem\",\"position\":2,\"name\":\"Documentaci\u00f3n t\u00e9cnica\"}]}]}<\/script>\n<!-- \/ Yoast SEO plugin. -->","yoast_head_json":{"title":"Documentaci\u00f3n t\u00e9cnica - Power@berth","robots":{"index":"index","follow":"follow","max-snippet":"max-snippet:-1","max-image-preview":"max-image-preview:large","max-video-preview":"max-video-preview:-1"},"canonical":"https:\/\/poweratberth.eu\/?page_id=208&lang=es","og_locale":"en_US","og_type":"article","og_title":"Documentaci\u00f3n t\u00e9cnica - Power@berth","og_description":"Existen gran cantidad de documentos t\u00e9cnicos sobre suministro de energ\u00eda desde tierra. Mas abajo se han listado algunos de los mas relevanes para su consulta: Estudios Generales de OPS Calidad del Aire (GEI y Contaminaci\u00f3n) Equipamiento Electro-mec\u00e1nico a bordo y en tierra Estandar internacional de la conexi\u00f3n para el suministro\u2026 Continue reading","og_url":"https:\/\/poweratberth.eu\/?page_id=208&lang=es","og_site_name":"Power@berth","article_modified_time":"2017-10-20T11:46:08+00:00","og_image":[{"url":"http:\/\/poweratberth.eu\/wp-content\/plugins\/wp-file-download\/app\/admin\/assets\/images\/t.gif"}],"author":"miluse","twitter_card":"summary_large_image","twitter_misc":{"Est. reading time":"2 minutes"},"schema":{"@context":"https:\/\/schema.org","@graph":[{"@type":"Organization","@id":"https:\/\/poweratberth.eu\/#organization","name":"Ops Master Plan Spanish Ports","url":"https:\/\/poweratberth.eu\/","sameAs":[],"logo":{"@type":"ImageObject","inLanguage":"en-US","@id":"https:\/\/poweratberth.eu\/#\/schema\/logo\/image\/","url":"http:\/\/poweratberth.eu\/wp-content\/uploads\/2017\/02\/logo2017-02-16.jpg","contentUrl":"http:\/\/poweratberth.eu\/wp-content\/uploads\/2017\/02\/logo2017-02-16.jpg","width":512,"height":387,"caption":"Ops Master Plan Spanish Ports"},"image":{"@id":"https:\/\/poweratberth.eu\/#\/schema\/logo\/image\/"}},{"@type":"WebSite","@id":"https:\/\/poweratberth.eu\/#website","url":"https:\/\/poweratberth.eu\/","name":"Power@berth","description":"Ops Spanish Ports","publisher":{"@id":"https:\/\/poweratberth.eu\/#organization"},"potentialAction":[{"@type":"SearchAction","target":{"@type":"EntryPoint","urlTemplate":"https:\/\/poweratberth.eu\/?s={search_term_string}"},"query-input":"required name=search_term_string"}],"inLanguage":"en-US"},{"@type":"ImageObject","inLanguage":"en-US","@id":"https:\/\/poweratberth.eu\/?page_id=208&lang=es#primaryimage","url":"http:\/\/poweratberth.eu\/wp-content\/plugins\/wp-file-download\/app\/admin\/assets\/images\/t.gif","contentUrl":"http:\/\/poweratberth.eu\/wp-content\/plugins\/wp-file-download\/app\/admin\/assets\/images\/t.gif"},{"@type":"WebPage","@id":"https:\/\/poweratberth.eu\/?page_id=208&lang=es#webpage","url":"https:\/\/poweratberth.eu\/?page_id=208&lang=es","name":"Documentaci\u00f3n t\u00e9cnica - Power@berth","isPartOf":{"@id":"https:\/\/poweratberth.eu\/#website"},"primaryImageOfPage":{"@id":"https:\/\/poweratberth.eu\/?page_id=208&lang=es#primaryimage"},"datePublished":"2017-05-05T08:50:52+00:00","dateModified":"2017-10-20T11:46:08+00:00","breadcrumb":{"@id":"https:\/\/poweratberth.eu\/?page_id=208&lang=es#breadcrumb"},"inLanguage":"en-US","potentialAction":[{"@type":"ReadAction","target":["https:\/\/poweratberth.eu\/?page_id=208&lang=es"]}]},{"@type":"BreadcrumbList","@id":"https:\/\/poweratberth.eu\/?page_id=208&lang=es#breadcrumb","itemListElement":[{"@type":"ListItem","position":1,"name":"Home","item":"http:\/\/poweratberth.eu\/?lang=en"},{"@type":"ListItem","position":2,"name":"Documentaci\u00f3n t\u00e9cnica"}]}]}},"_links":{"self":[{"href":"https:\/\/poweratberth.eu\/index.php?rest_route=\/wp\/v2\/pages\/208"}],"collection":[{"href":"https:\/\/poweratberth.eu\/index.php?rest_route=\/wp\/v2\/pages"}],"about":[{"href":"https:\/\/poweratberth.eu\/index.php?rest_route=\/wp\/v2\/types\/page"}],"author":[{"embeddable":true,"href":"https:\/\/poweratberth.eu\/index.php?rest_route=\/wp\/v2\/users\/2"}],"replies":[{"embeddable":true,"href":"https:\/\/poweratberth.eu\/index.php?rest_route=%2Fwp%2Fv2%2Fcomments&post=208"}],"version-history":[{"count":23,"href":"https:\/\/poweratberth.eu\/index.php?rest_route=\/wp\/v2\/pages\/208\/revisions"}],"predecessor-version":[{"id":1796,"href":"https:\/\/poweratberth.eu\/index.php?rest_route=\/wp\/v2\/pages\/208\/revisions\/1796"}],"wp:attachment":[{"href":"https:\/\/poweratberth.eu\/index.php?rest_route=%2Fwp%2Fv2%2Fmedia&parent=208"}],"curies":[{"name":"wp","href":"https:\/\/api.w.org\/{rel}","templated":true}]}}