
{"id":210,"date":"2017-05-05T08:51:22","date_gmt":"2017-05-05T08:51:22","guid":{"rendered":"http:\/\/poweratberth.eu\/src\/?page_id=210"},"modified":"2017-06-14T09:45:54","modified_gmt":"2017-06-14T09:45:54","slug":"herramientas-para-estudios-de-viabilidad","status":"publish","type":"page","link":"https:\/\/poweratberth.eu\/?page_id=210&lang=es","title":{"rendered":"Simulador de plan de negocio"},"content":{"rendered":"<p>Los proyectos de inversi\u00f3n para la puesta en marcha del sistema Onshore Power Supply var\u00edan considerablemente de unos casos a otros dependiendo de muchas variables. Diversos organismos y asociaciones han desarrollado herramientas que faciliten la estimaci\u00f3n de este tipo de proyectos.<\/p>\n<p>Estas herramientas o simuladores incluyen las diferencias de ingresos y costes debidas al n\u00famero de visitas de los barcos, la demanda energ\u00e9tica, la necesidad o no de instalar un convertidor de frecuencia o la dependencia del sistema OPS de los precios de la electricidad y los combustibles durante el periodo de operaci\u00f3n.<br \/>\nAcceda a algunos de estos simuladores:<\/p>\n<ol>\n<li><a href=\"#OPScal\">Calculadora del Plan Director de OPS en Espa\u00f1a<\/a><\/li>\n<li><a href=\"#Nethercal\">Calculadora del CE Delft, Holanda<\/a><\/li>\n<li><a href=\"#WPCIcal\">Calculadora del WPCI (World Port Climate Initiative)<\/a><\/li>\n<\/ol>\n<p>&nbsp;<\/p>\n<div id=\"OPScal\"><strong>OPS Master Plan Calculator<\/strong><br \/>\nEl Organismo P\u00fablico Puertos del Estado, dentro de las actividades que lleva a cabo para el desarrollo del Plan Director de OPS en los puertos espa\u00f1oles de inter\u00e9s especial ofrece una herramienta para la evaluaci\u00f3n de las inversiones necesarias para la implantaci\u00f3n del sistema Onshore Power Supply.<\/p>\n<p>La herramienta parte de unas hip\u00f3tesis de precios del gasoil marino y de la electricidad, as\u00ed como de unos factores de emisi\u00f3n y un coste externo para las mismas.<\/p>\n<p>Adem\u00e1s, el simulador tiene en cuenta el n\u00famero de conexiones en el muelle, n\u00famero de buques abastecidos (escalas y duraci\u00f3n de la estad\u00eda), estima la bonificaci\u00f3n otorgada por la Ley de Puertos a los buques que se conectan a la red general el\u00e9ctrica y sugiere unos costes totales de inversi\u00f3n en muelle y debidas a la adaptaci\u00f3n de los buques.<\/p>\n<p>La herramienta puede descargarse aqu\u00ed.<br \/>\n        <style>        .wpfd-single-file .wpfd_previewlink {            margin-top: 10px;            display: block;            font-weight: bold;        }                .wpfd-single-file .wpfd-file-link {            background-color:#444444 !important;        }                        .wpfd-single-file .wpfd-file-link a{            color:#ffffff !important;        }                        .wpfd-single-file .wpfd-file-link a:hover {            background-color:#888888 !important;        }            <\/style>    <div class=\"wpfd-file wpfd-single-file\" data-file=\"1397\">        <div class=\"wpfd-file-link wpfd_downloadlink\">        <a class=\"noLightbox\"           href=\"https:\/\/poweratberth.eu\/wp-admin\/admin-ajax.php?juwpfisadmin=false&action=wpfd&task=file.download&wpfd_category_id=92&wpfd_file_id=1397\"           data-id=\"1397\" title=\"Business case calculadora (version 00)\">            <span class=\"droptitle\">Business case calculadora (version 00)<\/span><br\/>                <span class=\"dropinfos\">                                                 <b>Size : <\/b>28.22 kb                                          <b>Format : <\/b>XLSX                    <\/span>        <\/a><br>                <\/div>    <\/div><\/p>\n<\/div>\n<p><\/br><\/p>\n<div id=\"Nethercal\"><strong>The Netherlands Calculator<\/strong><br \/>\nComo parte de la pol\u00edtica de implantaci\u00f3n del onshore power supply en barcos mar\u00edtimos, el CE Delft ha utilizado un modelo elaborado por el WPCI en el pasado para desarrollar una herramienta que proporcione informaci\u00f3n sobre los costes y beneficios del sistema y sobre los factores asociados. El modelo se ha actualizado y ampliado siguiendo los requerimientos del Ministerio de Infraestructuras y Medio Ambiente holand\u00e9s.<\/p>\n<p>El modelo calcula los costes financieros del proyecto OPS comparado con el uso de combustible di\u00e9sel en el puerto. Se basa en numerosos par\u00e1metros que pueden variar en el futuro. Incluye tambi\u00e9n la opci\u00f3n de calcular los costes externos en los que se incurre, tales como la contaminaci\u00f3n atmosf\u00e9rica. La herramienta proporciona no solo informaci\u00f3n sobre la rentabilidad del OPS sino tambi\u00e9n los beneficios sociales de la instalaci\u00f3n.<\/p>\n<p>En el siguiente link se puede descargar no solo la herramienta de c\u00e1lculo sino tambien el manual de uso de la misma.<\/p>\n<p><a href=\"http:\/\/www.cedelft.eu\/publicatie\/cost_benefit_calculation_tool_onshore_power_supply\/1793\" target=\"_blank\" rel=\"noopener noreferrer\">Calculadora de costes de inversi\u00f3n para la implantaci\u00f3n de OPS desarrollada por CE Deflt<\/a>\n<\/div>\n<div id=\"WPCIcal\"><strong>The WPCI Calculator<\/strong><br \/>\nLa herramienta de c\u00e1lculo desarrollada por el WPCI (World Port Climate Initiative) permite calcular los costes globales del proyecto, tanto operacionales como de inversi\u00f3n. Proporciona los par\u00e1metros necesarios para realizar una evaluaci\u00f3n de los efectos de la optimizaci\u00f3n como la ocupaci\u00f3n del muelle, los costes del suministro de energ\u00eda, las variaciones en los costes de los combustibles, etc.<br \/>\nLa p\u00e1gina web del WPCI proporciona tanto la herramienta del c\u00e1lculo de costes como el manual de usuario para su uso.<\/p>\n<p><a href=\"http:\/\/www.ops.wpci.nl\/costs\/\" target=\"_blank\" rel=\"noopener noreferrer\">Calculadora de costes de inversi\u00f3n para la implantaci\u00f3n de OPS desarrollada por WPCI<\/a>\n<\/div>\n","protected":false},"excerpt":{"rendered":"<p>Los proyectos de inversi\u00f3n para la puesta en marcha del sistema Onshore Power Supply var\u00edan considerablemente de unos casos a otros dependiendo de muchas variables. Diversos organismos y asociaciones han desarrollado herramientas que faciliten la estimaci\u00f3n de este tipo de proyectos. Estas herramientas o simuladores incluyen las diferencias de ingresos\u2026<\/p>\n<p> <a class=\"continue-reading-link\" href=\"https:\/\/poweratberth.eu\/?page_id=210&#038;lang=es\"><span>Continue reading<\/span><i class=\"crycon-right-dir\"><\/i><\/a> <\/p>\n","protected":false},"author":2,"featured_media":0,"parent":0,"menu_order":0,"comment_status":"closed","ping_status":"closed","template":"","meta":[],"yoast_head":"<!-- This site is optimized with the Yoast SEO plugin v19.2 - https:\/\/yoast.com\/wordpress\/plugins\/seo\/ -->\n<title>Simulador de plan de negocio - Power@berth<\/title>\n<meta name=\"robots\" content=\"index, follow, max-snippet:-1, max-image-preview:large, max-video-preview:-1\" \/>\n<link rel=\"canonical\" href=\"https:\/\/poweratberth.eu\/?page_id=210&lang=es\" \/>\n<meta property=\"og:locale\" content=\"en_US\" \/>\n<meta property=\"og:type\" content=\"article\" \/>\n<meta property=\"og:title\" content=\"Simulador de plan de negocio - Power@berth\" \/>\n<meta property=\"og:description\" content=\"Los proyectos de inversi\u00f3n para la puesta en marcha del sistema Onshore Power Supply var\u00edan considerablemente de unos casos a otros dependiendo de muchas variables. Diversos organismos y asociaciones han desarrollado herramientas que faciliten la estimaci\u00f3n de este tipo de proyectos. Estas herramientas o simuladores incluyen las diferencias de ingresos\u2026 Continue reading\" \/>\n<meta property=\"og:url\" content=\"https:\/\/poweratberth.eu\/?page_id=210&amp;lang=es\" \/>\n<meta property=\"og:site_name\" content=\"Power@berth\" \/>\n<meta property=\"article:modified_time\" content=\"2017-06-14T09:45:54+00:00\" \/>\n<meta name=\"author\" content=\"miluse\" \/>\n<meta name=\"twitter:card\" content=\"summary_large_image\" \/>\n<meta name=\"twitter:label1\" content=\"Est. reading time\" \/>\n\t<meta name=\"twitter:data1\" content=\"3 minutes\" \/>\n<script type=\"application\/ld+json\" class=\"yoast-schema-graph\">{\"@context\":\"https:\/\/schema.org\",\"@graph\":[{\"@type\":\"Organization\",\"@id\":\"https:\/\/poweratberth.eu\/#organization\",\"name\":\"Ops Master Plan Spanish Ports\",\"url\":\"https:\/\/poweratberth.eu\/\",\"sameAs\":[],\"logo\":{\"@type\":\"ImageObject\",\"inLanguage\":\"en-US\",\"@id\":\"https:\/\/poweratberth.eu\/#\/schema\/logo\/image\/\",\"url\":\"http:\/\/poweratberth.eu\/wp-content\/uploads\/2017\/02\/logo2017-02-16.jpg\",\"contentUrl\":\"http:\/\/poweratberth.eu\/wp-content\/uploads\/2017\/02\/logo2017-02-16.jpg\",\"width\":512,\"height\":387,\"caption\":\"Ops Master Plan Spanish Ports\"},\"image\":{\"@id\":\"https:\/\/poweratberth.eu\/#\/schema\/logo\/image\/\"}},{\"@type\":\"WebSite\",\"@id\":\"https:\/\/poweratberth.eu\/#website\",\"url\":\"https:\/\/poweratberth.eu\/\",\"name\":\"Power@berth\",\"description\":\"Ops Spanish Ports\",\"publisher\":{\"@id\":\"https:\/\/poweratberth.eu\/#organization\"},\"potentialAction\":[{\"@type\":\"SearchAction\",\"target\":{\"@type\":\"EntryPoint\",\"urlTemplate\":\"https:\/\/poweratberth.eu\/?s={search_term_string}\"},\"query-input\":\"required name=search_term_string\"}],\"inLanguage\":\"en-US\"},{\"@type\":\"WebPage\",\"@id\":\"https:\/\/poweratberth.eu\/?page_id=210&lang=es#webpage\",\"url\":\"https:\/\/poweratberth.eu\/?page_id=210&lang=es\",\"name\":\"Simulador de plan de negocio - Power@berth\",\"isPartOf\":{\"@id\":\"https:\/\/poweratberth.eu\/#website\"},\"datePublished\":\"2017-05-05T08:51:22+00:00\",\"dateModified\":\"2017-06-14T09:45:54+00:00\",\"breadcrumb\":{\"@id\":\"https:\/\/poweratberth.eu\/?page_id=210&lang=es#breadcrumb\"},\"inLanguage\":\"en-US\",\"potentialAction\":[{\"@type\":\"ReadAction\",\"target\":[\"https:\/\/poweratberth.eu\/?page_id=210&lang=es\"]}]},{\"@type\":\"BreadcrumbList\",\"@id\":\"https:\/\/poweratberth.eu\/?page_id=210&lang=es#breadcrumb\",\"itemListElement\":[{\"@type\":\"ListItem\",\"position\":1,\"name\":\"Home\",\"item\":\"http:\/\/poweratberth.eu\/?lang=en\"},{\"@type\":\"ListItem\",\"position\":2,\"name\":\"Simulador de plan de negocio\"}]}]}<\/script>\n<!-- \/ Yoast SEO plugin. -->","yoast_head_json":{"title":"Simulador de plan de negocio - Power@berth","robots":{"index":"index","follow":"follow","max-snippet":"max-snippet:-1","max-image-preview":"max-image-preview:large","max-video-preview":"max-video-preview:-1"},"canonical":"https:\/\/poweratberth.eu\/?page_id=210&lang=es","og_locale":"en_US","og_type":"article","og_title":"Simulador de plan de negocio - Power@berth","og_description":"Los proyectos de inversi\u00f3n para la puesta en marcha del sistema Onshore Power Supply var\u00edan considerablemente de unos casos a otros dependiendo de muchas variables. Diversos organismos y asociaciones han desarrollado herramientas que faciliten la estimaci\u00f3n de este tipo de proyectos. Estas herramientas o simuladores incluyen las diferencias de ingresos\u2026 Continue reading","og_url":"https:\/\/poweratberth.eu\/?page_id=210&lang=es","og_site_name":"Power@berth","article_modified_time":"2017-06-14T09:45:54+00:00","author":"miluse","twitter_card":"summary_large_image","twitter_misc":{"Est. reading time":"3 minutes"},"schema":{"@context":"https:\/\/schema.org","@graph":[{"@type":"Organization","@id":"https:\/\/poweratberth.eu\/#organization","name":"Ops Master Plan Spanish Ports","url":"https:\/\/poweratberth.eu\/","sameAs":[],"logo":{"@type":"ImageObject","inLanguage":"en-US","@id":"https:\/\/poweratberth.eu\/#\/schema\/logo\/image\/","url":"http:\/\/poweratberth.eu\/wp-content\/uploads\/2017\/02\/logo2017-02-16.jpg","contentUrl":"http:\/\/poweratberth.eu\/wp-content\/uploads\/2017\/02\/logo2017-02-16.jpg","width":512,"height":387,"caption":"Ops Master Plan Spanish Ports"},"image":{"@id":"https:\/\/poweratberth.eu\/#\/schema\/logo\/image\/"}},{"@type":"WebSite","@id":"https:\/\/poweratberth.eu\/#website","url":"https:\/\/poweratberth.eu\/","name":"Power@berth","description":"Ops Spanish Ports","publisher":{"@id":"https:\/\/poweratberth.eu\/#organization"},"potentialAction":[{"@type":"SearchAction","target":{"@type":"EntryPoint","urlTemplate":"https:\/\/poweratberth.eu\/?s={search_term_string}"},"query-input":"required name=search_term_string"}],"inLanguage":"en-US"},{"@type":"WebPage","@id":"https:\/\/poweratberth.eu\/?page_id=210&lang=es#webpage","url":"https:\/\/poweratberth.eu\/?page_id=210&lang=es","name":"Simulador de plan de negocio - Power@berth","isPartOf":{"@id":"https:\/\/poweratberth.eu\/#website"},"datePublished":"2017-05-05T08:51:22+00:00","dateModified":"2017-06-14T09:45:54+00:00","breadcrumb":{"@id":"https:\/\/poweratberth.eu\/?page_id=210&lang=es#breadcrumb"},"inLanguage":"en-US","potentialAction":[{"@type":"ReadAction","target":["https:\/\/poweratberth.eu\/?page_id=210&lang=es"]}]},{"@type":"BreadcrumbList","@id":"https:\/\/poweratberth.eu\/?page_id=210&lang=es#breadcrumb","itemListElement":[{"@type":"ListItem","position":1,"name":"Home","item":"http:\/\/poweratberth.eu\/?lang=en"},{"@type":"ListItem","position":2,"name":"Simulador de plan de negocio"}]}]}},"_links":{"self":[{"href":"https:\/\/poweratberth.eu\/index.php?rest_route=\/wp\/v2\/pages\/210"}],"collection":[{"href":"https:\/\/poweratberth.eu\/index.php?rest_route=\/wp\/v2\/pages"}],"about":[{"href":"https:\/\/poweratberth.eu\/index.php?rest_route=\/wp\/v2\/types\/page"}],"author":[{"embeddable":true,"href":"https:\/\/poweratberth.eu\/index.php?rest_route=\/wp\/v2\/users\/2"}],"replies":[{"embeddable":true,"href":"https:\/\/poweratberth.eu\/index.php?rest_route=%2Fwp%2Fv2%2Fcomments&post=210"}],"version-history":[{"count":8,"href":"https:\/\/poweratberth.eu\/index.php?rest_route=\/wp\/v2\/pages\/210\/revisions"}],"predecessor-version":[{"id":1401,"href":"https:\/\/poweratberth.eu\/index.php?rest_route=\/wp\/v2\/pages\/210\/revisions\/1401"}],"wp:attachment":[{"href":"https:\/\/poweratberth.eu\/index.php?rest_route=%2Fwp%2Fv2%2Fmedia&parent=210"}],"curies":[{"name":"wp","href":"https:\/\/api.w.org\/{rel}","templated":true}]}}