
{"id":212,"date":"2017-05-12T12:24:39","date_gmt":"2017-05-12T12:24:39","guid":{"rendered":"http:\/\/poweratberth.eu\/src\/?page_id=212"},"modified":"2023-01-12T12:13:14","modified_gmt":"2023-01-12T12:13:14","slug":"ops-terminados","status":"publish","type":"page","link":"https:\/\/poweratberth.eu\/?page_id=212&lang=es","title":{"rendered":"OPS MASTERPLAN"},"content":{"rendered":"<p><strong>Listado de instalaciones de suministro electrico a buques incluidas en este MASTERPLAN<br><\/strong><\/p>\n<p>(ver m\u00e1s abajo los otros componentes del OPS MASTERPLAN incluidos los beneficios derivados de la conexi\u00f3n de los buques a la red el\u00e9ctrica, las barreras identificadas y las medidas adoptadas para superarlas y facilitar el desarrollo de esta soluci\u00f3n tecnol\u00f3gica)<\/p>\n\n\n<figure class=\"wp-block-image\"><img alt=\"\"\/><\/figure>\n\n\n\n<div class=\"wp-block-file\"><object class=\"wp-block-file__embed\" data=\"http:\/\/poweratberth.eu\/wp-content\/uploads\/2023\/01\/Listado-03-1.pdf\" type=\"application\/pdf\" style=\"width:100%;height:600px\" aria-label=\"Embed of Embed of Listado-03-1..\"><\/object><a id=\"wp-block-file--media-b24ad848-9d7d-4945-a83a-187f09389826\" href=\"http:\/\/poweratberth.eu\/wp-content\/uploads\/2023\/01\/Listado-03-1.pdf\">Listado-03-1<\/a><a href=\"http:\/\/poweratberth.eu\/wp-content\/uploads\/2023\/01\/Listado-03-1.pdf\" class=\"wp-block-file__button\" download aria-describedby=\"wp-block-file--media-b24ad848-9d7d-4945-a83a-187f09389826\">Download<\/a><\/div>\n\n\n\n<p><strong>Beneficios<\/strong><\/p>\n\n\n\n<ol type=\"1\"><li>Eliminaci\u00f3n de ruidos y vibraciones en las proximidades del atraque<\/li><li>Eliminaci\u00f3n local de las emisiones contaminantes afectando a la salud de la poblaci\u00f3n<\/li><li>Reducir las emisiones de gases de efecto invernadero contribuyendo a la descarbonizaci\u00f3n de la econom\u00eda<\/li><li>Facilitar el desarrollo de otros combustibles alternativos para la propulsi\u00f3n marina (ej. H2, methanol, amoniaco)<\/li><li>Posibilitar la electrificaci\u00f3n de la movilidad terrestre (ej. VE, buses, \u2026)<\/li><\/ol>\n\n\n\n<p><strong>Barreras<\/strong><\/p>\n\n\n\n<ol type=\"1\"><li>Temor de navieras a quedar cautivos de un nuevo suministrador<\/li><li>Bonificaci\u00f3n 50 % de T-1 contraproducente<\/li><li>Potencia no disponible<\/li><li>Buques no \u2018OPS ready\u2019<\/li><li>Resistencia del sector a adoptar nuevos procedimiento<\/li><li>Resistencia de las navieras a internalizar los costes externos<\/li><li>Coste del suministro el\u00e9ctrico<\/li><li>Utilizaci\u00f3n no intensa de las instalaciones<\/li><li>Aparici\u00f3n del LNG (con bater\u00edas)<\/li><li>Tramitaci\u00f3n de la instalaci\u00f3n dificultosa<\/li><\/ol>\n\n\n\n<p><strong>Medidas<\/strong><\/p>\n\n\n\n<ol type=\"1\"><li>Establecimiento de un marco legal RD Ley 15\/2018 para el OPS APROBADO<\/li><li>Bonificaci\u00f3n del 50 % en la tasa portuaria T-1 VIGENTE<\/li><li>Cuasi-eliminaci\u00f3n impuesto s\/electricidad: 5 % &#8211;&gt; 0,5 \u20ac\/MWh VIGENTE<\/li><li>Contrataci\u00f3n temporal con \u2018prorrateo\u2019 del t\u00e9rmino potencia por d\u00edas\/horas APROBADO<\/li><li>Subvenci\u00f3n de 9,7 \u20ac\/ton CO2 de la Oficina contra cambio clim\u00e1tico APROBADO<\/li><li>Exigir tomas el\u00e9ctricas en los concursos de nuevas terminales APLIC\u00c1NDOSE<\/li><li>Tratamiento favorable de los c\u00e1nones de ocupaci\u00f3n y actividad de la \u201cextensi\u00f3n de la red para ejecutar nuevas instalaciones OPS\u201d PROPUESTA<\/li><\/ol>\n","protected":false},"excerpt":{"rendered":"<p>Listado de instalaciones de suministro electrico a buques incluidas en este MASTERPLAN (ver m\u00e1s abajo los otros componentes del OPS MASTERPLAN incluidos los beneficios derivados de la conexi\u00f3n de los buques a la red el\u00e9ctrica, las barreras identificadas y las medidas adoptadas para superarlas y facilitar el desarrollo de esta\u2026<\/p>\n<p> <a class=\"continue-reading-link\" href=\"https:\/\/poweratberth.eu\/?page_id=212&#038;lang=es\"><span>Continue reading<\/span><i class=\"crycon-right-dir\"><\/i><\/a> <\/p>\n","protected":false},"author":2,"featured_media":0,"parent":0,"menu_order":0,"comment_status":"closed","ping_status":"closed","template":"","meta":[],"yoast_head":"<!-- This site is optimized with the Yoast SEO plugin v19.2 - https:\/\/yoast.com\/wordpress\/plugins\/seo\/ -->\n<title>OPS MASTERPLAN - Power@berth<\/title>\n<meta name=\"robots\" content=\"index, follow, max-snippet:-1, max-image-preview:large, max-video-preview:-1\" \/>\n<link rel=\"canonical\" href=\"https:\/\/poweratberth.eu\/?page_id=212&lang=es\" \/>\n<meta property=\"og:locale\" content=\"en_US\" \/>\n<meta property=\"og:type\" content=\"article\" \/>\n<meta property=\"og:title\" content=\"OPS MASTERPLAN - Power@berth\" \/>\n<meta property=\"og:description\" content=\"Listado de instalaciones de suministro electrico a buques incluidas en este MASTERPLAN (ver m\u00e1s abajo los otros componentes del OPS MASTERPLAN incluidos los beneficios derivados de la conexi\u00f3n de los buques a la red el\u00e9ctrica, las barreras identificadas y las medidas adoptadas para superarlas y facilitar el desarrollo de esta\u2026 Continue reading\" \/>\n<meta property=\"og:url\" content=\"https:\/\/poweratberth.eu\/?page_id=212&amp;lang=es\" \/>\n<meta property=\"og:site_name\" content=\"Power@berth\" \/>\n<meta property=\"article:modified_time\" content=\"2023-01-12T12:13:14+00:00\" \/>\n<meta name=\"author\" content=\"miluse\" \/>\n<meta name=\"twitter:card\" content=\"summary_large_image\" \/>\n<meta name=\"twitter:label1\" content=\"Est. reading time\" \/>\n\t<meta name=\"twitter:data1\" content=\"2 minutes\" \/>\n<script type=\"application\/ld+json\" class=\"yoast-schema-graph\">{\"@context\":\"https:\/\/schema.org\",\"@graph\":[{\"@type\":\"Organization\",\"@id\":\"https:\/\/poweratberth.eu\/#organization\",\"name\":\"Ops Master Plan Spanish Ports\",\"url\":\"https:\/\/poweratberth.eu\/\",\"sameAs\":[],\"logo\":{\"@type\":\"ImageObject\",\"inLanguage\":\"en-US\",\"@id\":\"https:\/\/poweratberth.eu\/#\/schema\/logo\/image\/\",\"url\":\"http:\/\/poweratberth.eu\/wp-content\/uploads\/2017\/02\/logo2017-02-16.jpg\",\"contentUrl\":\"http:\/\/poweratberth.eu\/wp-content\/uploads\/2017\/02\/logo2017-02-16.jpg\",\"width\":512,\"height\":387,\"caption\":\"Ops Master Plan Spanish Ports\"},\"image\":{\"@id\":\"https:\/\/poweratberth.eu\/#\/schema\/logo\/image\/\"}},{\"@type\":\"WebSite\",\"@id\":\"https:\/\/poweratberth.eu\/#website\",\"url\":\"https:\/\/poweratberth.eu\/\",\"name\":\"Power@berth\",\"description\":\"Ops Spanish Ports\",\"publisher\":{\"@id\":\"https:\/\/poweratberth.eu\/#organization\"},\"potentialAction\":[{\"@type\":\"SearchAction\",\"target\":{\"@type\":\"EntryPoint\",\"urlTemplate\":\"https:\/\/poweratberth.eu\/?s={search_term_string}\"},\"query-input\":\"required name=search_term_string\"}],\"inLanguage\":\"en-US\"},{\"@type\":\"WebPage\",\"@id\":\"https:\/\/poweratberth.eu\/?page_id=212&lang=es#webpage\",\"url\":\"https:\/\/poweratberth.eu\/?page_id=212&lang=es\",\"name\":\"OPS MASTERPLAN - Power@berth\",\"isPartOf\":{\"@id\":\"https:\/\/poweratberth.eu\/#website\"},\"datePublished\":\"2017-05-12T12:24:39+00:00\",\"dateModified\":\"2023-01-12T12:13:14+00:00\",\"breadcrumb\":{\"@id\":\"https:\/\/poweratberth.eu\/?page_id=212&lang=es#breadcrumb\"},\"inLanguage\":\"en-US\",\"potentialAction\":[{\"@type\":\"ReadAction\",\"target\":[\"https:\/\/poweratberth.eu\/?page_id=212&lang=es\"]}]},{\"@type\":\"BreadcrumbList\",\"@id\":\"https:\/\/poweratberth.eu\/?page_id=212&lang=es#breadcrumb\",\"itemListElement\":[{\"@type\":\"ListItem\",\"position\":1,\"name\":\"Home\",\"item\":\"http:\/\/poweratberth.eu\/?lang=en\"},{\"@type\":\"ListItem\",\"position\":2,\"name\":\"OPS MASTERPLAN\"}]}]}<\/script>\n<!-- \/ Yoast SEO plugin. -->","yoast_head_json":{"title":"OPS MASTERPLAN - Power@berth","robots":{"index":"index","follow":"follow","max-snippet":"max-snippet:-1","max-image-preview":"max-image-preview:large","max-video-preview":"max-video-preview:-1"},"canonical":"https:\/\/poweratberth.eu\/?page_id=212&lang=es","og_locale":"en_US","og_type":"article","og_title":"OPS MASTERPLAN - Power@berth","og_description":"Listado de instalaciones de suministro electrico a buques incluidas en este MASTERPLAN (ver m\u00e1s abajo los otros componentes del OPS MASTERPLAN incluidos los beneficios derivados de la conexi\u00f3n de los buques a la red el\u00e9ctrica, las barreras identificadas y las medidas adoptadas para superarlas y facilitar el desarrollo de esta\u2026 Continue reading","og_url":"https:\/\/poweratberth.eu\/?page_id=212&lang=es","og_site_name":"Power@berth","article_modified_time":"2023-01-12T12:13:14+00:00","author":"miluse","twitter_card":"summary_large_image","twitter_misc":{"Est. reading time":"2 minutes"},"schema":{"@context":"https:\/\/schema.org","@graph":[{"@type":"Organization","@id":"https:\/\/poweratberth.eu\/#organization","name":"Ops Master Plan Spanish Ports","url":"https:\/\/poweratberth.eu\/","sameAs":[],"logo":{"@type":"ImageObject","inLanguage":"en-US","@id":"https:\/\/poweratberth.eu\/#\/schema\/logo\/image\/","url":"http:\/\/poweratberth.eu\/wp-content\/uploads\/2017\/02\/logo2017-02-16.jpg","contentUrl":"http:\/\/poweratberth.eu\/wp-content\/uploads\/2017\/02\/logo2017-02-16.jpg","width":512,"height":387,"caption":"Ops Master Plan Spanish Ports"},"image":{"@id":"https:\/\/poweratberth.eu\/#\/schema\/logo\/image\/"}},{"@type":"WebSite","@id":"https:\/\/poweratberth.eu\/#website","url":"https:\/\/poweratberth.eu\/","name":"Power@berth","description":"Ops Spanish Ports","publisher":{"@id":"https:\/\/poweratberth.eu\/#organization"},"potentialAction":[{"@type":"SearchAction","target":{"@type":"EntryPoint","urlTemplate":"https:\/\/poweratberth.eu\/?s={search_term_string}"},"query-input":"required name=search_term_string"}],"inLanguage":"en-US"},{"@type":"WebPage","@id":"https:\/\/poweratberth.eu\/?page_id=212&lang=es#webpage","url":"https:\/\/poweratberth.eu\/?page_id=212&lang=es","name":"OPS MASTERPLAN - Power@berth","isPartOf":{"@id":"https:\/\/poweratberth.eu\/#website"},"datePublished":"2017-05-12T12:24:39+00:00","dateModified":"2023-01-12T12:13:14+00:00","breadcrumb":{"@id":"https:\/\/poweratberth.eu\/?page_id=212&lang=es#breadcrumb"},"inLanguage":"en-US","potentialAction":[{"@type":"ReadAction","target":["https:\/\/poweratberth.eu\/?page_id=212&lang=es"]}]},{"@type":"BreadcrumbList","@id":"https:\/\/poweratberth.eu\/?page_id=212&lang=es#breadcrumb","itemListElement":[{"@type":"ListItem","position":1,"name":"Home","item":"http:\/\/poweratberth.eu\/?lang=en"},{"@type":"ListItem","position":2,"name":"OPS MASTERPLAN"}]}]}},"_links":{"self":[{"href":"https:\/\/poweratberth.eu\/index.php?rest_route=\/wp\/v2\/pages\/212"}],"collection":[{"href":"https:\/\/poweratberth.eu\/index.php?rest_route=\/wp\/v2\/pages"}],"about":[{"href":"https:\/\/poweratberth.eu\/index.php?rest_route=\/wp\/v2\/types\/page"}],"author":[{"embeddable":true,"href":"https:\/\/poweratberth.eu\/index.php?rest_route=\/wp\/v2\/users\/2"}],"replies":[{"embeddable":true,"href":"https:\/\/poweratberth.eu\/index.php?rest_route=%2Fwp%2Fv2%2Fcomments&post=212"}],"version-history":[{"count":74,"href":"https:\/\/poweratberth.eu\/index.php?rest_route=\/wp\/v2\/pages\/212\/revisions"}],"predecessor-version":[{"id":3082,"href":"https:\/\/poweratberth.eu\/index.php?rest_route=\/wp\/v2\/pages\/212\/revisions\/3082"}],"wp:attachment":[{"href":"https:\/\/poweratberth.eu\/index.php?rest_route=%2Fwp%2Fv2%2Fmedia&parent=212"}],"curies":[{"name":"wp","href":"https:\/\/api.w.org\/{rel}","templated":true}]}}