
{"id":214,"date":"2017-05-05T08:51:01","date_gmt":"2017-05-05T08:51:01","guid":{"rendered":"http:\/\/poweratberth.eu\/src\/?page_id=214"},"modified":"2021-06-10T13:12:22","modified_gmt":"2021-06-10T13:12:22","slug":"el-potencial-del-ops-en-la-calidad-del-aire-de-puertos-ciudad","status":"publish","type":"page","link":"https:\/\/poweratberth.eu\/?page_id=214&lang=es","title":{"rendered":"Mejorando la calidad del aire en las ciudades"},"content":{"rendered":"<ol>\n<li><a href=\"http:\/\/poweratberth.eu\/?page_id=2014&amp;lang=es\">Estimaci\u00f3n de emisiones a la atm\u00f3sfera en cada atraque que son evitables con el suministro de electricidad a buques en atraque (OPS)-metodolog\u00eda &#8216;down-top&#8217;<\/a><\/li>\n<li><a href=\"http:\/\/poweratberth.eu\/?page_id=1219&amp;lang=es\">Estimaci\u00f3n de las emisiones <\/a><a href=\"http:\/\/poweratberth.eu\/?page_id=2014&amp;lang=es\">atm\u00f3sfera en cada atraque que son evitables con el suministro de electricidad a buques desde el muelle (OPS)<\/a><a href=\"http:\/\/poweratberth.eu\/?page_id=1219&amp;lang=es\"> &#8211; metodolog\u00eda &#8216;top-down&#8217;<\/a><\/li>\n<li><a href=\"http:\/\/poweratberth.eu\/?page_id=1234&amp;lang=es\">Difusi\u00f3n de las emisiones locales de los buques atracados: mapas<\/a><\/li>\n<li><a href=\"http:\/\/poweratberth.eu\/?page_id=1239&amp;lang=es\">Estudios sobre el potencial de OPS para mejorar la calidad del aire en las ciudades<\/a><\/li>\n<li><a href=\"http:\/\/poweratberth.eu\/?page_id=1169&amp;lang=es\">Calculadoras de emisiones de CO2 y otros contaminantes<\/a><\/li>\n<li><a href=\"http:\/\/poweratberth.eu\/?page_id=1462&amp;lang=es\">Informaci\u00f3n sobre la calidad del aire en las ciudades con puerto<\/a><\/li>\n<\/ol>\n\n<p><img decoding=\"async\" loading=\"lazy\" class=\"alignnone size-medium wp-image-1663\" src=\"http:\/\/poweratberth.eu\/wp-content\/uploads\/2017\/07\/Improving-air-quality-in-cities-300x141.jpg\" alt=\"\" width=\"300\" height=\"141\" srcset=\"https:\/\/poweratberth.eu\/wp-content\/uploads\/2017\/07\/Improving-air-quality-in-cities-300x141.jpg 300w, https:\/\/poweratberth.eu\/wp-content\/uploads\/2017\/07\/Improving-air-quality-in-cities-768x360.jpg 768w, https:\/\/poweratberth.eu\/wp-content\/uploads\/2017\/07\/Improving-air-quality-in-cities-1024x480.jpg 1024w, https:\/\/poweratberth.eu\/wp-content\/uploads\/2017\/07\/Improving-air-quality-in-cities-250x117.jpg 250w, https:\/\/poweratberth.eu\/wp-content\/uploads\/2017\/07\/Improving-air-quality-in-cities-150x70.jpg 150w, https:\/\/poweratberth.eu\/wp-content\/uploads\/2017\/07\/Improving-air-quality-in-cities.jpg 2000w\" sizes=\"(max-width: 300px) 100vw, 300px\" \/><\/p>\n","protected":false},"excerpt":{"rendered":"<p>Estimaci\u00f3n de emisiones a la atm\u00f3sfera en cada atraque que son evitables con el suministro de electricidad a buques en atraque (OPS)-metodolog\u00eda &#8216;down-top&#8217; Estimaci\u00f3n de las emisiones atm\u00f3sfera en cada atraque que son evitables con el suministro de electricidad a buques desde el muelle (OPS) &#8211; metodolog\u00eda &#8216;top-down&#8217; Difusi\u00f3n de\u2026<\/p>\n<p> <a class=\"continue-reading-link\" href=\"https:\/\/poweratberth.eu\/?page_id=214&#038;lang=es\"><span>Continue reading<\/span><i class=\"crycon-right-dir\"><\/i><\/a> <\/p>\n","protected":false},"author":2,"featured_media":0,"parent":0,"menu_order":0,"comment_status":"closed","ping_status":"closed","template":"","meta":[],"yoast_head":"<!-- This site is optimized with the Yoast SEO plugin v19.2 - https:\/\/yoast.com\/wordpress\/plugins\/seo\/ -->\n<title>Mejorando la calidad del aire en las ciudades - Power@berth<\/title>\n<meta name=\"robots\" content=\"index, follow, max-snippet:-1, max-image-preview:large, max-video-preview:-1\" \/>\n<link rel=\"canonical\" href=\"https:\/\/poweratberth.eu\/?page_id=214&lang=es\" \/>\n<meta property=\"og:locale\" content=\"en_US\" \/>\n<meta property=\"og:type\" content=\"article\" \/>\n<meta property=\"og:title\" content=\"Mejorando la calidad del aire en las ciudades - Power@berth\" \/>\n<meta property=\"og:description\" content=\"Estimaci\u00f3n de emisiones a la atm\u00f3sfera en cada atraque que son evitables con el suministro de electricidad a buques en atraque (OPS)-metodolog\u00eda &#8216;down-top&#8217; Estimaci\u00f3n de las emisiones atm\u00f3sfera en cada atraque que son evitables con el suministro de electricidad a buques desde el muelle (OPS) &#8211; metodolog\u00eda &#8216;top-down&#8217; Difusi\u00f3n de\u2026 Continue reading\" \/>\n<meta property=\"og:url\" content=\"https:\/\/poweratberth.eu\/?page_id=214&amp;lang=es\" \/>\n<meta property=\"og:site_name\" content=\"Power@berth\" \/>\n<meta property=\"article:modified_time\" content=\"2021-06-10T13:12:22+00:00\" \/>\n<meta property=\"og:image\" content=\"http:\/\/poweratberth.eu\/wp-content\/uploads\/2017\/07\/Improving-air-quality-in-cities-300x141.jpg\" \/>\n<meta name=\"author\" content=\"miluse\" \/>\n<meta name=\"twitter:card\" content=\"summary_large_image\" \/>\n<meta name=\"twitter:label1\" content=\"Est. reading time\" \/>\n\t<meta name=\"twitter:data1\" content=\"1 minute\" \/>\n<script type=\"application\/ld+json\" class=\"yoast-schema-graph\">{\"@context\":\"https:\/\/schema.org\",\"@graph\":[{\"@type\":\"Organization\",\"@id\":\"https:\/\/poweratberth.eu\/#organization\",\"name\":\"Ops Master Plan Spanish Ports\",\"url\":\"https:\/\/poweratberth.eu\/\",\"sameAs\":[],\"logo\":{\"@type\":\"ImageObject\",\"inLanguage\":\"en-US\",\"@id\":\"https:\/\/poweratberth.eu\/#\/schema\/logo\/image\/\",\"url\":\"http:\/\/poweratberth.eu\/wp-content\/uploads\/2017\/02\/logo2017-02-16.jpg\",\"contentUrl\":\"http:\/\/poweratberth.eu\/wp-content\/uploads\/2017\/02\/logo2017-02-16.jpg\",\"width\":512,\"height\":387,\"caption\":\"Ops Master Plan Spanish Ports\"},\"image\":{\"@id\":\"https:\/\/poweratberth.eu\/#\/schema\/logo\/image\/\"}},{\"@type\":\"WebSite\",\"@id\":\"https:\/\/poweratberth.eu\/#website\",\"url\":\"https:\/\/poweratberth.eu\/\",\"name\":\"Power@berth\",\"description\":\"Ops Spanish Ports\",\"publisher\":{\"@id\":\"https:\/\/poweratberth.eu\/#organization\"},\"potentialAction\":[{\"@type\":\"SearchAction\",\"target\":{\"@type\":\"EntryPoint\",\"urlTemplate\":\"https:\/\/poweratberth.eu\/?s={search_term_string}\"},\"query-input\":\"required name=search_term_string\"}],\"inLanguage\":\"en-US\"},{\"@type\":\"ImageObject\",\"inLanguage\":\"en-US\",\"@id\":\"https:\/\/poweratberth.eu\/?page_id=214&lang=es#primaryimage\",\"url\":\"https:\/\/poweratberth.eu\/wp-content\/uploads\/2017\/07\/Improving-air-quality-in-cities.jpg\",\"contentUrl\":\"https:\/\/poweratberth.eu\/wp-content\/uploads\/2017\/07\/Improving-air-quality-in-cities.jpg\",\"width\":2000,\"height\":938},{\"@type\":\"WebPage\",\"@id\":\"https:\/\/poweratberth.eu\/?page_id=214&lang=es#webpage\",\"url\":\"https:\/\/poweratberth.eu\/?page_id=214&lang=es\",\"name\":\"Mejorando la calidad del aire en las ciudades - Power@berth\",\"isPartOf\":{\"@id\":\"https:\/\/poweratberth.eu\/#website\"},\"primaryImageOfPage\":{\"@id\":\"https:\/\/poweratberth.eu\/?page_id=214&lang=es#primaryimage\"},\"datePublished\":\"2017-05-05T08:51:01+00:00\",\"dateModified\":\"2021-06-10T13:12:22+00:00\",\"breadcrumb\":{\"@id\":\"https:\/\/poweratberth.eu\/?page_id=214&lang=es#breadcrumb\"},\"inLanguage\":\"en-US\",\"potentialAction\":[{\"@type\":\"ReadAction\",\"target\":[\"https:\/\/poweratberth.eu\/?page_id=214&lang=es\"]}]},{\"@type\":\"BreadcrumbList\",\"@id\":\"https:\/\/poweratberth.eu\/?page_id=214&lang=es#breadcrumb\",\"itemListElement\":[{\"@type\":\"ListItem\",\"position\":1,\"name\":\"Home\",\"item\":\"http:\/\/poweratberth.eu\/?lang=en\"},{\"@type\":\"ListItem\",\"position\":2,\"name\":\"Mejorando la calidad del aire en las ciudades\"}]}]}<\/script>\n<!-- \/ Yoast SEO plugin. -->","yoast_head_json":{"title":"Mejorando la calidad del aire en las ciudades - Power@berth","robots":{"index":"index","follow":"follow","max-snippet":"max-snippet:-1","max-image-preview":"max-image-preview:large","max-video-preview":"max-video-preview:-1"},"canonical":"https:\/\/poweratberth.eu\/?page_id=214&lang=es","og_locale":"en_US","og_type":"article","og_title":"Mejorando la calidad del aire en las ciudades - Power@berth","og_description":"Estimaci\u00f3n de emisiones a la atm\u00f3sfera en cada atraque que son evitables con el suministro de electricidad a buques en atraque (OPS)-metodolog\u00eda &#8216;down-top&#8217; Estimaci\u00f3n de las emisiones atm\u00f3sfera en cada atraque que son evitables con el suministro de electricidad a buques desde el muelle (OPS) &#8211; metodolog\u00eda &#8216;top-down&#8217; Difusi\u00f3n de\u2026 Continue reading","og_url":"https:\/\/poweratberth.eu\/?page_id=214&lang=es","og_site_name":"Power@berth","article_modified_time":"2021-06-10T13:12:22+00:00","og_image":[{"url":"http:\/\/poweratberth.eu\/wp-content\/uploads\/2017\/07\/Improving-air-quality-in-cities-300x141.jpg"}],"author":"miluse","twitter_card":"summary_large_image","twitter_misc":{"Est. reading time":"1 minute"},"schema":{"@context":"https:\/\/schema.org","@graph":[{"@type":"Organization","@id":"https:\/\/poweratberth.eu\/#organization","name":"Ops Master Plan Spanish Ports","url":"https:\/\/poweratberth.eu\/","sameAs":[],"logo":{"@type":"ImageObject","inLanguage":"en-US","@id":"https:\/\/poweratberth.eu\/#\/schema\/logo\/image\/","url":"http:\/\/poweratberth.eu\/wp-content\/uploads\/2017\/02\/logo2017-02-16.jpg","contentUrl":"http:\/\/poweratberth.eu\/wp-content\/uploads\/2017\/02\/logo2017-02-16.jpg","width":512,"height":387,"caption":"Ops Master Plan Spanish Ports"},"image":{"@id":"https:\/\/poweratberth.eu\/#\/schema\/logo\/image\/"}},{"@type":"WebSite","@id":"https:\/\/poweratberth.eu\/#website","url":"https:\/\/poweratberth.eu\/","name":"Power@berth","description":"Ops Spanish Ports","publisher":{"@id":"https:\/\/poweratberth.eu\/#organization"},"potentialAction":[{"@type":"SearchAction","target":{"@type":"EntryPoint","urlTemplate":"https:\/\/poweratberth.eu\/?s={search_term_string}"},"query-input":"required name=search_term_string"}],"inLanguage":"en-US"},{"@type":"ImageObject","inLanguage":"en-US","@id":"https:\/\/poweratberth.eu\/?page_id=214&lang=es#primaryimage","url":"https:\/\/poweratberth.eu\/wp-content\/uploads\/2017\/07\/Improving-air-quality-in-cities.jpg","contentUrl":"https:\/\/poweratberth.eu\/wp-content\/uploads\/2017\/07\/Improving-air-quality-in-cities.jpg","width":2000,"height":938},{"@type":"WebPage","@id":"https:\/\/poweratberth.eu\/?page_id=214&lang=es#webpage","url":"https:\/\/poweratberth.eu\/?page_id=214&lang=es","name":"Mejorando la calidad del aire en las ciudades - Power@berth","isPartOf":{"@id":"https:\/\/poweratberth.eu\/#website"},"primaryImageOfPage":{"@id":"https:\/\/poweratberth.eu\/?page_id=214&lang=es#primaryimage"},"datePublished":"2017-05-05T08:51:01+00:00","dateModified":"2021-06-10T13:12:22+00:00","breadcrumb":{"@id":"https:\/\/poweratberth.eu\/?page_id=214&lang=es#breadcrumb"},"inLanguage":"en-US","potentialAction":[{"@type":"ReadAction","target":["https:\/\/poweratberth.eu\/?page_id=214&lang=es"]}]},{"@type":"BreadcrumbList","@id":"https:\/\/poweratberth.eu\/?page_id=214&lang=es#breadcrumb","itemListElement":[{"@type":"ListItem","position":1,"name":"Home","item":"http:\/\/poweratberth.eu\/?lang=en"},{"@type":"ListItem","position":2,"name":"Mejorando la calidad del aire en las ciudades"}]}]}},"_links":{"self":[{"href":"https:\/\/poweratberth.eu\/index.php?rest_route=\/wp\/v2\/pages\/214"}],"collection":[{"href":"https:\/\/poweratberth.eu\/index.php?rest_route=\/wp\/v2\/pages"}],"about":[{"href":"https:\/\/poweratberth.eu\/index.php?rest_route=\/wp\/v2\/types\/page"}],"author":[{"embeddable":true,"href":"https:\/\/poweratberth.eu\/index.php?rest_route=\/wp\/v2\/users\/2"}],"replies":[{"embeddable":true,"href":"https:\/\/poweratberth.eu\/index.php?rest_route=%2Fwp%2Fv2%2Fcomments&post=214"}],"version-history":[{"count":19,"href":"https:\/\/poweratberth.eu\/index.php?rest_route=\/wp\/v2\/pages\/214\/revisions"}],"predecessor-version":[{"id":2770,"href":"https:\/\/poweratberth.eu\/index.php?rest_route=\/wp\/v2\/pages\/214\/revisions\/2770"}],"wp:attachment":[{"href":"https:\/\/poweratberth.eu\/index.php?rest_route=%2Fwp%2Fv2%2Fmedia&parent=214"}],"curies":[{"name":"wp","href":"https:\/\/api.w.org\/{rel}","templated":true}]}}