
{"id":303,"date":"2017-05-12T12:15:06","date_gmt":"2017-05-12T12:15:06","guid":{"rendered":"http:\/\/poweratberth.eu\/src\/?page_id=303"},"modified":"2018-11-02T12:16:25","modified_gmt":"2018-11-02T12:16:25","slug":"indicadores","status":"publish","type":"page","link":"https:\/\/poweratberth.eu\/?page_id=303&lang=es","title":{"rendered":"INDICADORES"},"content":{"rendered":"<p>Los siguientes indicadores son b\u00e1sicos para los proyectos OPS incluyendo los precios de la <a href=\"#electr\">electricidad<\/a>, y de los <a href=\"#diesel\">combustible f\u00f3siles<\/a>. Otros indicadores como los de <a href=\"#ICA\">calidad del aire<\/a> y de <a href=\"#ISA\">sostenibilidad ambiental<\/a> se listan mas abajo.<\/p>\n<div id=\"electr\">\n<p><strong>PRECIOS DE LA ELECTRICIDAD<\/strong><\/p>\n<ul>\n<li style=\"text-align: left;\"><strong>La Comisi\u00f3n Europea<\/strong> publica de forma regular informes de an\u00e1lisis sobre los mercados del gas y la electricidad y sobre precios y costes de la energ\u00eda en Europa:<\/li>\n<\/ul>\n<p style=\"text-align: center;\">\u00a0\u00a0\u00a0\u00a0\u00a0\u00a0\u00a0\u00a0 <a href=\"https:\/\/publications.europa.eu\/en\/publication-detail\/-\/publication\/99fc30eb-c06d-11e8-9893-01aa75ed71a1\/language-en\/format-PDF\/source-77059768\">Precios a consumidores industriales 2-20 GWh en 2\u00ba semestre 2017 en c\u20ac\/kWh (p\u00e1gina 129)<\/a><\/p>\n<ul>\n<li>Los informes trimestrales analizan los principales factores\u00a0que explican la evoluci\u00f3n de los precios y los vol\u00famenes del mercado y las interacciones que se producen en\u00a0los mercados de gas y electricidad entre los pa\u00edses.<\/li>\n<\/ul>\n<p style=\"text-align: center;\"><a href=\"https:\/\/ec.europa.eu\/energy\/en\/data-analysis\/market-analysis\" target=\"_blank\" rel=\"noopener noreferrer\">Evoluci\u00f3n del mercado de la energ\u00eda el\u00e9ctrica en Europa<\/a><\/p>\n<\/div>\n<ul>\n<li><strong>Red El\u00e9ctrica Espa\u00f1ola (REE):<\/strong> proporciona acceso libre a datos estad\u00edsticos sobre la evoluci\u00f3n de los precios en Espa\u00f1a. Los datos se puede descargar a escala mensual y\u00a0anual. Incluyen datos de demanda, producci\u00f3n y vol\u00famenes comercializados internacionalmente.<\/li>\n<\/ul>\n<p style=\"text-align: center;\"><a href=\"http:\/\/www.ree.es\/es\/estadisticas-del-sistema-electrico-espanol\" target=\"_blank\" rel=\"noopener noreferrer\">Tendencias de mercado de los precios de la electricidad en Espa\u00f1a<\/a>.<\/p>\n<div id=\"diesel\">\n<p><strong>COMBUSTIBLES F\u00d3SILES<\/strong><\/p>\n<ul>\n<li><strong>Ship &amp; Bunker<\/strong>\u00a0es la publicaci\u00f3n sobre combustibles marinos mas le\u00edda del mundo y la principal fuente independiente de noticias diarias de la industria y datos hist\u00f3ricos y diarios de indicadores de precios de diesel marino. Estos indicadores de precios se calculan a partir de informaci\u00f3n contratada y de calidad de varias fuentes de la industria.<\/li>\n<\/ul>\n<ul>\n<li style=\"list-style-type: none;\">\n<p style=\"text-align: center;\"><a href=\"https:\/\/shipandbunker.com\/prices?utm_source=newsletter&amp;utm_medium=email&amp;utm_campaign=newsletter-03\/21\/17#MGO\" target=\"_blank\" rel=\"noopener noreferrer\">Precios mundiales del combustible marino<\/a><\/p>\n<\/li>\n<li><strong>La Comisi\u00f3n Europea<\/strong> proporciona una gran variedad de datos estad\u00edsticos sobre el mercado de la energ\u00eda incluyendo los precios \u00a0del petr\u00f3leo, el carb\u00f3n, el gas y la electricidad, datos sobre energ\u00eda importada y exportada, y tendencias de precios hasta 2050. Sobre estos datos se sustenta la pol\u00edtica europea sobre energ\u00eda. Adem\u00e1s de otros muchos datos econ\u00f3micos, ambientales y de producci\u00f3n y consumo de energ\u00eda e impuestos, la Comisi\u00f3n publica un an\u00e1lisis profundo sobre el mercado energ\u00e9tico. Todo ello con el objetivo de mejorar la transparencia de los precios de los combustibles f\u00f3siles y fortalecer el mercado interno. El Bolet\u00edn sobre el petr\u00f3leo de la CE presenta datos semanales sobre precios de consumo de los productos del petr\u00f3leo en los pa\u00edses europeos.<\/li>\n<\/ul>\n<p style=\"text-align: center;\"><a href=\"https:\/\/ec.europa.eu\/energy\/en\/data-analysis\/weekly-oil-bulletin\" target=\"_blank\" rel=\"noopener noreferrer\">Precios de los combustibles f\u00f3siles en Europa<\/a><\/p>\n<ul>\n<li><strong>El Ministerio de Energ\u00eda, Turismo y Agenda Digital<\/strong> publica informes mensuales y anuales de la evoluci\u00f3n del precio de los combustibles f\u00f3siles en Espa\u00f1a y Europa en los que se incluyen variables como las cotizaciones diarias y mensuales del crudo Brent, del d\u00f3lar-euro, de la gasolina y el gas\u00f3leo de automoci\u00f3n. As\u00ed mismo presentan gr\u00e1ficos y tablas comparativas mensuales de precios con y sin impuestos de la gasolina y el gas\u00f3leo en los diferentes pa\u00edses de la U.E.<\/li>\n<\/ul>\n<p style=\"text-align: center;\"><a href=\"http:\/\/www.minetad.gob.es\/energia\/petroleo\/Precios\/Informes\/InformesMensuales\/Paginas\/IndexInformesMensuales.aspx\" target=\"_blank\" rel=\"noopener noreferrer\">Precios de los combustibles f\u00f3siles en Espa\u00f1a<\/a><\/p>\n<p style=\"text-align: left;\">\n<\/div>\n<div id=\"ICA\">\n<p><strong>INDICES DE CALIDAD DEL AIRE<\/strong>La preocupaci\u00f3n existente por la calidad del aire se ve reflejada en la gran cantidad de \u00cdndices de Calidad del Aire que existen, desarrollados por diversas instituciones, muchos de ellos accesibles al gran p\u00fablico a trav\u00e9s de Internet.<\/p>\n<ul>\n<li><strong>Air Polution in your City:<\/strong> Desarrollado por la Organizaci\u00f3n Mundial de la Salud (OMS), la Coalici\u00f3n de Naciones Unidas para el Medio Ambiente, el Clima y el Air Limpio, dentro de la campa\u00f1a BreathLife, con el objetivo de movilizar a los ciudadanos para proteger su salud y el planeta de los efectos de la contaminaci\u00f3n atmosf\u00e9rica. Utiliza datos de estaciones de control de la calidad del aire de 3.000 ciudades y una base de datos de calidad del aire global con datos de todo el mundo. La p\u00e1gina web ofrece datos de contenido de PM2,5 en la atm\u00f3sfera en tiempo real de la ciudad del mundo seleccionada indicando el nivel de peligrosidad de esa determinada concentraci\u00f3n. Las\u00a0part\u00edculas PM2,5 pueden penetrar en el cuerpo y est\u00e1n \u00edntimamente relacionadas con la muerte prematura de individuos y el cambio clim\u00e1tico.<\/li>\n<\/ul>\n<p style=\"text-align: center;\"><a href=\"http:\/\/breathelife2030.org\/city-data-page\/\" target=\"_blank\" rel=\"noopener noreferrer\">Air Polution in your City<\/a><\/p>\n<ul>\n<li><strong>\u00cdndice de la Calidad del Aire (ICA):<\/strong> datos en tiempo real de estaciones de medida de la calidad del aire en muchas localidades\u00a0del mundo. El valor del \u00edndice corresponde con el peor valor medido de una serie de contaminantes que no son siempre los mismos, depende de cada estaci\u00f3n de medida. Entre otros se ofrecen valores de concentraci\u00f3n de NO2, SO2, \u00a0CO, PM10,\u00a0PM2,5, O3, etc, y datos meteorol\u00f3gicos como la presi\u00f3n atmosf\u00e9rica, la temperatura y la humedad relativa.<\/li>\n<\/ul>\n<p style=\"text-align: center;\"><a href=\"http:\/\/aqicn.org\/city\/madrid\/es\/\" target=\"_blank\" rel=\"noopener noreferrer\">\u00cdndice de la Calidad del Aire (ICA)<\/a><\/p>\n<ul>\n<li><strong>\u00cdndice de Calidad del Aire ICA-BSC:<\/strong> desarrollado por el\u00a0Barcelona Supercomputing Center, BSC, y M\u00ba Medio Ambiente, es un indicador\u00a0de la calidad del aire sobre una base de media diaria que toma como referencia los\u00a0criterios, l\u00edmites y umbrales de la Directiva 2008\/50\/CE y el Real Decreto 102\/2011 para los siguientes contaminantes atmosf\u00e9ricos: O3, NO2, CO, SO2, PM10 y PM2.5. El ICA global corresponde a la situaci\u00f3n m\u00e1s negativa para cada una de las celdas.<\/li>\n<\/ul>\n<p style=\"text-align: center;\"><a href=\"http:\/\/www.bsc.es\/caliope\/es\/ica\/bsc\" target=\"_blank\" rel=\"noopener noreferrer\">\u00cdndice de Calidad del Aire ICA-BSC<\/a><\/p>\n<ul>\n<li><strong>El \u00cdndice Catal\u00e1n de Calidad del Aire (ICQA):<\/strong> se calcula a partir de los datos de las estaciones autom\u00e1ticas de la Red de Vigilancia y Previsi\u00f3n de la Contaminaci\u00f3n Atmosf\u00e9rica (XVPCA) de la Generalitat de Catalunya. Utiliza los niveles de inmisi\u00f3n del mon\u00f3xido de carbono (CO), el di\u00f3xido de nitr\u00f3geno (NO2), el di\u00f3xido de azufre (SO2), el ozono (O3) y las part\u00edculas en suspensi\u00f3n (PM10). El ICQA es una cifra \u00fanica y sin unidades que pondera la aportaci\u00f3n de los 5 contaminantes en la calidad global del aire. Es un indicador especialmente pensado para informar al gran p\u00fablico.<\/li>\n<\/ul>\n<p style=\"text-align: center;\"><a href=\"http:\/\/www.gencat.cat\/mediamb\/qaire\/mapes_qualitat_aire_catalunya\/mapesqualitatairecatalunya.html\" target=\"_blank\" rel=\"noopener noreferrer\">\u00cdndice Catal\u00e1n de Calidad del Aire (ICQA)<\/a><\/p>\n<\/div>\n<p>&nbsp;<\/p>\n<div id=\"ISA\"><strong>INDICES DE SOSTENIBILIDAD AMBIENTAL DE LA NAVEGACI\u00d3N<\/strong><br \/>\nEstos \u00edndices tienen como objetivo establecer la presi\u00f3n ambiental que producen tanto la navegaci\u00f3n como los barcos de manera individual, no solo sobre la calidad del aire, si no sobre el medio ambiente en general. Pueden tener en\u00a0cuenta solo las emisiones de contaminantes y gases de efecto invernadero, o incluir tambi\u00e9n la gesti\u00f3n de los residuos que realizan los barcos, el tratamiento de aguas residuales y de balasteo, la utilizaci\u00f3n de sustancias qu\u00edmicas y su tratamiento y los objetivos de reducci\u00f3n de las emisiones de CO2 y la pol\u00edtica de reciclaje de la empresa, entre otras variables.<\/p>\n<ul>\n<li><strong>\u00cdndice de Navegaci\u00f3n Limpia (CIS &#8211; Clean Shipping Index):<\/strong> es una herramienta orientada a la empresa y la demanda del mercado. Desarrollada para ayudar a los propietarios de mercanc\u00edas a elegir empresas navieras de calidad y barcos respetuosos con el medio ambiente, para calcular y minimizar la\u00a0huella ambiental e\u00a0 identificar \u00e1reas en las que mejorar la sostenibilidad de las navieras o\u00a0para presentar el perfil ambiental de la\u00a0flota a la red de clientes que tienen en cuenta este tema a la hora de contratar. el \u00edndice tiene en cuenta las emisiones de CO2, NOx, SOx y PM de los barcos as\u00ed como la utilizaci\u00f3n de sustancias qu\u00edmicas, el tratamiento de residuos, aguas residuales y aguas de balasteo. Est\u00e1 desarrollado por una organizaci\u00f3n sin \u00e1nimo de lucro.<\/li>\n<\/ul>\n<p style=\"text-align: center;\"><a href=\"http:\/\/www.cleanshippingindex.com\/about\/\" target=\"_blank\" rel=\"noopener noreferrer\">\u00cdndice de Navegaci\u00f3n Limpia (CIS)<\/a><\/p>\n<ul>\n<li><strong>\u00cdndice Ambiental de Navegaci\u00f3n (ESI &#8211; Environmental Ship Index):<\/strong> desarrollado por el WPCI para ayudar a identificar los buques que est\u00e1n llevando a cabo reducciones en las emisiones de gases contaminantes, NOx y SOx, mayores que las requeridas para cumplir con la normativa\u00a0de la IMO. Se eval\u00faan la cantidad de NOx y SOx liberadas a la atm\u00f3sfera y las emisiones de gases de efecto invernadero generadas por el barco.<\/li>\n<\/ul>\n<p style=\"text-align: center;\"><a href=\"http:\/\/www.environmentalshipindex.org\/Public\/Home\" target=\"_blank\" rel=\"noopener noreferrer\">\u00cdndice Ambiental de Navegaci\u00f3n (ESI)<\/a><\/p>\n<\/div>\n","protected":false},"excerpt":{"rendered":"<p>Los siguientes indicadores son b\u00e1sicos para los proyectos OPS incluyendo los precios de la electricidad, y de los combustible f\u00f3siles. Otros indicadores como los de calidad del aire y de sostenibilidad ambiental se listan mas abajo. PRECIOS DE LA ELECTRICIDAD La Comisi\u00f3n Europea publica de forma regular informes de an\u00e1lisis\u2026<\/p>\n<p> <a class=\"continue-reading-link\" href=\"https:\/\/poweratberth.eu\/?page_id=303&#038;lang=es\"><span>Continue reading<\/span><i class=\"crycon-right-dir\"><\/i><\/a> <\/p>\n","protected":false},"author":2,"featured_media":0,"parent":0,"menu_order":0,"comment_status":"closed","ping_status":"closed","template":"","meta":[],"yoast_head":"<!-- This site is optimized with the Yoast SEO plugin v19.2 - https:\/\/yoast.com\/wordpress\/plugins\/seo\/ -->\n<title>INDICADORES - Power@berth<\/title>\n<meta name=\"robots\" content=\"index, follow, max-snippet:-1, max-image-preview:large, max-video-preview:-1\" \/>\n<link rel=\"canonical\" href=\"https:\/\/poweratberth.eu\/?page_id=303&lang=es\" \/>\n<meta property=\"og:locale\" content=\"en_US\" \/>\n<meta property=\"og:type\" content=\"article\" \/>\n<meta property=\"og:title\" content=\"INDICADORES - Power@berth\" \/>\n<meta property=\"og:description\" content=\"Los siguientes indicadores son b\u00e1sicos para los proyectos OPS incluyendo los precios de la electricidad, y de los combustible f\u00f3siles. Otros indicadores como los de calidad del aire y de sostenibilidad ambiental se listan mas abajo. PRECIOS DE LA ELECTRICIDAD La Comisi\u00f3n Europea publica de forma regular informes de an\u00e1lisis\u2026 Continue reading\" \/>\n<meta property=\"og:url\" content=\"https:\/\/poweratberth.eu\/?page_id=303&amp;lang=es\" \/>\n<meta property=\"og:site_name\" content=\"Power@berth\" \/>\n<meta property=\"article:modified_time\" content=\"2018-11-02T12:16:25+00:00\" \/>\n<meta name=\"author\" content=\"miluse\" \/>\n<meta name=\"twitter:card\" content=\"summary_large_image\" \/>\n<meta name=\"twitter:label1\" content=\"Est. reading time\" \/>\n\t<meta name=\"twitter:data1\" content=\"7 minutes\" \/>\n<script type=\"application\/ld+json\" class=\"yoast-schema-graph\">{\"@context\":\"https:\/\/schema.org\",\"@graph\":[{\"@type\":\"Organization\",\"@id\":\"https:\/\/poweratberth.eu\/#organization\",\"name\":\"Ops Master Plan Spanish Ports\",\"url\":\"https:\/\/poweratberth.eu\/\",\"sameAs\":[],\"logo\":{\"@type\":\"ImageObject\",\"inLanguage\":\"en-US\",\"@id\":\"https:\/\/poweratberth.eu\/#\/schema\/logo\/image\/\",\"url\":\"http:\/\/poweratberth.eu\/wp-content\/uploads\/2017\/02\/logo2017-02-16.jpg\",\"contentUrl\":\"http:\/\/poweratberth.eu\/wp-content\/uploads\/2017\/02\/logo2017-02-16.jpg\",\"width\":512,\"height\":387,\"caption\":\"Ops Master Plan Spanish Ports\"},\"image\":{\"@id\":\"https:\/\/poweratberth.eu\/#\/schema\/logo\/image\/\"}},{\"@type\":\"WebSite\",\"@id\":\"https:\/\/poweratberth.eu\/#website\",\"url\":\"https:\/\/poweratberth.eu\/\",\"name\":\"Power@berth\",\"description\":\"Ops Spanish Ports\",\"publisher\":{\"@id\":\"https:\/\/poweratberth.eu\/#organization\"},\"potentialAction\":[{\"@type\":\"SearchAction\",\"target\":{\"@type\":\"EntryPoint\",\"urlTemplate\":\"https:\/\/poweratberth.eu\/?s={search_term_string}\"},\"query-input\":\"required name=search_term_string\"}],\"inLanguage\":\"en-US\"},{\"@type\":\"WebPage\",\"@id\":\"https:\/\/poweratberth.eu\/?page_id=303&lang=es#webpage\",\"url\":\"https:\/\/poweratberth.eu\/?page_id=303&lang=es\",\"name\":\"INDICADORES - Power@berth\",\"isPartOf\":{\"@id\":\"https:\/\/poweratberth.eu\/#website\"},\"datePublished\":\"2017-05-12T12:15:06+00:00\",\"dateModified\":\"2018-11-02T12:16:25+00:00\",\"breadcrumb\":{\"@id\":\"https:\/\/poweratberth.eu\/?page_id=303&lang=es#breadcrumb\"},\"inLanguage\":\"en-US\",\"potentialAction\":[{\"@type\":\"ReadAction\",\"target\":[\"https:\/\/poweratberth.eu\/?page_id=303&lang=es\"]}]},{\"@type\":\"BreadcrumbList\",\"@id\":\"https:\/\/poweratberth.eu\/?page_id=303&lang=es#breadcrumb\",\"itemListElement\":[{\"@type\":\"ListItem\",\"position\":1,\"name\":\"Home\",\"item\":\"http:\/\/poweratberth.eu\/?lang=en\"},{\"@type\":\"ListItem\",\"position\":2,\"name\":\"INDICADORES\"}]}]}<\/script>\n<!-- \/ Yoast SEO plugin. -->","yoast_head_json":{"title":"INDICADORES - Power@berth","robots":{"index":"index","follow":"follow","max-snippet":"max-snippet:-1","max-image-preview":"max-image-preview:large","max-video-preview":"max-video-preview:-1"},"canonical":"https:\/\/poweratberth.eu\/?page_id=303&lang=es","og_locale":"en_US","og_type":"article","og_title":"INDICADORES - Power@berth","og_description":"Los siguientes indicadores son b\u00e1sicos para los proyectos OPS incluyendo los precios de la electricidad, y de los combustible f\u00f3siles. Otros indicadores como los de calidad del aire y de sostenibilidad ambiental se listan mas abajo. PRECIOS DE LA ELECTRICIDAD La Comisi\u00f3n Europea publica de forma regular informes de an\u00e1lisis\u2026 Continue reading","og_url":"https:\/\/poweratberth.eu\/?page_id=303&lang=es","og_site_name":"Power@berth","article_modified_time":"2018-11-02T12:16:25+00:00","author":"miluse","twitter_card":"summary_large_image","twitter_misc":{"Est. reading time":"7 minutes"},"schema":{"@context":"https:\/\/schema.org","@graph":[{"@type":"Organization","@id":"https:\/\/poweratberth.eu\/#organization","name":"Ops Master Plan Spanish Ports","url":"https:\/\/poweratberth.eu\/","sameAs":[],"logo":{"@type":"ImageObject","inLanguage":"en-US","@id":"https:\/\/poweratberth.eu\/#\/schema\/logo\/image\/","url":"http:\/\/poweratberth.eu\/wp-content\/uploads\/2017\/02\/logo2017-02-16.jpg","contentUrl":"http:\/\/poweratberth.eu\/wp-content\/uploads\/2017\/02\/logo2017-02-16.jpg","width":512,"height":387,"caption":"Ops Master Plan Spanish Ports"},"image":{"@id":"https:\/\/poweratberth.eu\/#\/schema\/logo\/image\/"}},{"@type":"WebSite","@id":"https:\/\/poweratberth.eu\/#website","url":"https:\/\/poweratberth.eu\/","name":"Power@berth","description":"Ops Spanish Ports","publisher":{"@id":"https:\/\/poweratberth.eu\/#organization"},"potentialAction":[{"@type":"SearchAction","target":{"@type":"EntryPoint","urlTemplate":"https:\/\/poweratberth.eu\/?s={search_term_string}"},"query-input":"required name=search_term_string"}],"inLanguage":"en-US"},{"@type":"WebPage","@id":"https:\/\/poweratberth.eu\/?page_id=303&lang=es#webpage","url":"https:\/\/poweratberth.eu\/?page_id=303&lang=es","name":"INDICADORES - Power@berth","isPartOf":{"@id":"https:\/\/poweratberth.eu\/#website"},"datePublished":"2017-05-12T12:15:06+00:00","dateModified":"2018-11-02T12:16:25+00:00","breadcrumb":{"@id":"https:\/\/poweratberth.eu\/?page_id=303&lang=es#breadcrumb"},"inLanguage":"en-US","potentialAction":[{"@type":"ReadAction","target":["https:\/\/poweratberth.eu\/?page_id=303&lang=es"]}]},{"@type":"BreadcrumbList","@id":"https:\/\/poweratberth.eu\/?page_id=303&lang=es#breadcrumb","itemListElement":[{"@type":"ListItem","position":1,"name":"Home","item":"http:\/\/poweratberth.eu\/?lang=en"},{"@type":"ListItem","position":2,"name":"INDICADORES"}]}]}},"_links":{"self":[{"href":"https:\/\/poweratberth.eu\/index.php?rest_route=\/wp\/v2\/pages\/303"}],"collection":[{"href":"https:\/\/poweratberth.eu\/index.php?rest_route=\/wp\/v2\/pages"}],"about":[{"href":"https:\/\/poweratberth.eu\/index.php?rest_route=\/wp\/v2\/types\/page"}],"author":[{"embeddable":true,"href":"https:\/\/poweratberth.eu\/index.php?rest_route=\/wp\/v2\/users\/2"}],"replies":[{"embeddable":true,"href":"https:\/\/poweratberth.eu\/index.php?rest_route=%2Fwp%2Fv2%2Fcomments&post=303"}],"version-history":[{"count":20,"href":"https:\/\/poweratberth.eu\/index.php?rest_route=\/wp\/v2\/pages\/303\/revisions"}],"predecessor-version":[{"id":2024,"href":"https:\/\/poweratberth.eu\/index.php?rest_route=\/wp\/v2\/pages\/303\/revisions\/2024"}],"wp:attachment":[{"href":"https:\/\/poweratberth.eu\/index.php?rest_route=%2Fwp%2Fv2%2Fmedia&parent=303"}],"curies":[{"name":"wp","href":"https:\/\/api.w.org\/{rel}","templated":true}]}}