
{"id":307,"date":"2017-05-12T11:08:39","date_gmt":"2017-05-12T11:08:39","guid":{"rendered":"http:\/\/poweratberth.eu\/src\/?page_id=307"},"modified":"2022-08-11T09:41:48","modified_gmt":"2022-08-11T09:41:48","slug":"entregables-del-proyecto","status":"publish","type":"page","link":"https:\/\/poweratberth.eu\/?page_id=307&lang=es","title":{"rendered":"ACTIVIDADES DEL PROYECTO"},"content":{"rendered":"<p>El proyecto para el suministro de energ\u00eda el\u00e9ctrica a buques atracados en los puertos espa\u00f1oles, se estructura en cinco actividades:<\/p>\n<h4><strong>Actividad 1: Coordinaci\u00f3n del proyecto.<\/strong><\/h4>\n<p>El Organismo P\u00fablico Puertos del Estado (OPPE) ha sido el responsable de la coordinaci\u00f3n del proyecto.<\/p>\n<h4><strong>Actividad 2: Estudios transversales.<\/strong><\/h4>\n<p>Existen una serie de temas t\u00e9cnicos, econ\u00f3micos y ambientales que influyen en la implantaci\u00f3n del suministro de energ\u00eda el\u00e9ctrica a buques. OPPE y tres universidades espa\u00f1olas han realizando diversos estudios para contribuir a mejorar el dise\u00f1o de los proyectos de implementaci\u00f3n de OPS en los puertos espa\u00f1oles.<\/p>\n<p>0.- El <strong>Organismo P\u00fablico Puertos del Estado &#8211; OPPE<\/strong><\/p>\n<p>OPPE ha llevado a cabo diversos estudios de car\u00e1cter t\u00e9cnico para obtener y divulgar conocimiento sobre el OPS:<\/p>\n<ul>\n<li>OPPE ha realizado un estudio espec\u00edfico para valorar la reducci\u00f3n del impacto sonoro de los motores auxiliares de los buques en atraque, que puede consultarse <a href=\"http:\/\/poweratberth.eu\/wp-content\/uploads\/2017\/06\/Reducci%C3%B3n-impacto-sonoro-de-buques-en-atraque-mediante-OPS_small.pdf\">aqu\u00ed<\/a>.<\/li>\n<li>OPPE ha formulado unos criterios de calidad -m\u00ednimos y valorables- respecto de los componentes de la infrastructura el\u00e9ctrica para el suministro de electricidad a buques en atraque; vea aqu\u00ed la <a href=\"https:\/\/puertos-my.sharepoint.com\/:b:\/g\/personal\/jca_puertos_es\/EVIH6DnzzGpNvt2iBKjMKhwBfe9Eqn5M7hPX0bxxkM9vzg?e=hgaVTo\">presentaci\u00f3n del trabajo<\/a>, un <a href=\"https:\/\/puertos-my.sharepoint.com\/:b:\/g\/personal\/jca_puertos_es\/EYZmCmxaZIxAg7SDfyh7o2QBpbNxgS0Qi5VGGsfCGg5ohA?e=NXDnV9\">resumen<\/a> del mismo, as\u00ed como un <a href=\"https:\/\/puertos-my.sharepoint.com\/:x:\/g\/personal\/jca_puertos_es\/EYsaj4IVM3VFpjhyVjD4CGgBz5lokELTmiOO8g-Y1HTShw?e=mGIv0c\" target=\"_blank\" rel=\"noopener noreferrer\">cuadro modelo para valoraci\u00f3n (ver 3)<\/a> disponible en formato EXCEL para aplicar dichos criterios.<\/li>\n<li>OPPE ha propuesto una metodolog\u00eda para realizar una valoraci\u00f3n alzada del coste que representar\u00eda dotar instalaciones OPS para satisfacer el 90 % de la demanda el\u00e9ctrica en atraque de los buques ferris, portacontenedores y cruceros. Esta metodolog\u00eda, que incluye dos casos pr\u00e1cticos de dos puertos espa\u00f1oles, puede encontrarse <a href=\"https:\/\/puertos-my.sharepoint.com\/:u:\/g\/personal\/jca_puertos_es\/EXUW2xq9BoNNsAck-TXWLOYBgyojh93lk61E58wb8fsOpQ?e=o92Wff\">aqu\u00ed<\/a> bajo contrase\u00f1a que puede solicitar en <a href=\"http:\/\/poweratberth.eu\/?page_id=367&amp;lang=es\">CONTACTO<\/a>.<\/li>\n<\/ul>\n<ul>\n<li>OPPE a trav\u00e9s del Observatorio de servicios portuarios ha realizado un <a href=\"https:\/\/puertos-my.sharepoint.com\/:b:\/g\/personal\/jca_puertos_es\/EYCZUzpQdK9KsbcVtIHqAxABUd04DNLXWEvYbzYA-7pLEw?e=tcaj8Q\">estudio<\/a> de las necesidades e implicaciones de la determinaci\u00f3n del suministro de combustibles f\u00f3siles a buques como servicio portuario conforme a lo establecido en el Reglamento UE 2017\/352 que en cierta forma compiten con el OPS<\/li>\n<\/ul>\n<p>De car\u00e1cter administrativo, OPPE ha elaborado sendos documentos de trabajo que pueden servir para orientar la redacci\u00f3n de condiciones en que se realizar\u00e1 el suministro de electricidad a los buques en atraque, tanto en el supuesto de que se establezcan varias empresas como cuando sea una \u00fanica; estos documentos est\u00e1n disponibles bajo petici\u00f3n; por favor env\u00ede su peticion mediante el gestor de mensajes de este sitio WEB accesible en la pesta\u00f1a <a href=\"http:\/\/poweratberth.eu\/?page_id=367&amp;lang=es\">CONTACTO<\/a> de su p\u00e1gina principal.<\/p>\n<p>1.- La <strong>Universidad de C\u00e1diz -UCA<\/strong> ha realizado un estudio de las emisiones de gases de efecto invernadero y contaminantes generadas por los motores auxiliares de los barcos durante el tiempo que permanecen atracados en puertos, que puede leerse <a href=\"https:\/\/puertos-my.sharepoint.com\/:b:\/g\/personal\/jca_puertos_es\/EXdX8VZITIRChuS55XHItFwB2vbM2LFveGS-7XVF_zM6Nw?e=dXpgWe\">aqu\u00ed<\/a>.<\/p>\n<p>2.- La <strong>Universidad de Las Palmas de Gran Canaria &#8211; ULPGC<\/strong> ha realizado una valoraci\u00f3n monetaria del impacto sobre la salud humana y el medio ambiente que tienen las emisiones de GHG y contaminantes. Una primera estimaci\u00f3n de los costes externos en los puertos espa\u00f1oles en 2016 puede leerse <a href=\"https:\/\/puertos-my.sharepoint.com\/:b:\/g\/personal\/jca_puertos_es\/EXxUVOq01BdFja1iYQ2A5PwB5tv_LgihYz6cU0-4QgC1Ug?e=ZpHBES\" target=\"_blank\" rel=\"noopener noreferrer\">aqu\u00ed<\/a>.<\/p>\n<p>Adicionalmente, est\u00e1 disponible <a href=\"https:\/\/www.sciencedirect.com\/science\/article\/abs\/pii\/S1361920919305851\">aqu\u00ed<\/a> un art\u00edculo sobre la eficiencia medioambiental de las <strong>autoridades portuarias espa\u00f1olas<\/strong> en 2016 utilizando los datos de costes externos derivados de las emisiones gases de efecto invernadero (CO<sub>2<\/sub>) estimados en este Proyecto. Adem\u00e1s, tambi\u00e9n est\u00e1 disponible <a href=\"https:\/\/www.tandfonline.com\/doi\/abs\/10.1080\/15568318.2021.1943074?journalCode=ujst20\">aqu\u00ed<\/a> un art\u00edculo que analiz\u00f3 la eficiencia medioambiental de <strong>los puertos<\/strong> (no autoridades portuarias) espa\u00f1oles en 2016, utilizando los datos de costes externos derivados de las emisiones de gases que tienen efecto local (NOx, SOx, y PM -PM<sub>10<\/sub>, PM<sub>2,5<\/sub>-) estimados en este Proyecto.<\/p>\n<p>Sobre el potencial de reducci\u00f3n de los costes externos causados por las emisiones de los buques atracados, puede leer el art\u00edculo publicado por dicha Universidad <a href=\"https:\/\/www.sciencedirect.com\/science\/article\/pii\/S0301479720317321\">aqu\u00ed<\/a>. Un an\u00e1lisis m\u00e1s detallado para cuatro puertos espa\u00f1oles puede leerse <a href=\"https:\/\/puertos-my.sharepoint.com\/:b:\/g\/personal\/jca_puertos_es\/ET9ZS85upYlBs7YfHTSxUw4BbX3FjK-nQyZzOpLf6_R83g?e=WWjwjp\">aqu\u00ed<\/a>.<\/p>\n<p>El informe final sobre la valoraci\u00f3n de dichas externalidades puede leerse <a href=\"https:\/\/puertos-my.sharepoint.com\/:b:\/g\/personal\/jca_puertos_es\/EQuQW9G2PxpLiCoQy63eUX0BnRoEzZUrwsajjrRUWToc4g?e=BPg76x\">aqu\u00ed<\/a>.<\/p>\n<p>3.1.- El <strong>Centro de Autom\u00e1tica y Rob\u00f3tica<\/strong> (CAR de la UPM y el CSIC), ha llevado a cabo el dise\u00f1o de una gr\u00faa para la gesti\u00f3n remota del cable de suministro el\u00e9ctrico al buque; este dise\u00f1o se compone de una base, una columna giratoria y un brazo extensible; el conector puede entregarse a trav\u00e9s de la escotilla del buque mediante los tres grados de libertad o accionamientos: giro, extensi\u00f3n y alargamiento; la gr\u00faa es<span style=\"color: #333333; font-family: 'Georgia',serif;\"> totalmente el\u00e9ctrica pues los tres motores <span style=\"color: #333333;\">son el\u00e9ctricos <\/span>(giro, extensi\u00f3n del brazo y entrega del cable; puede verse un video del prototipo <a href=\"http:\/\/videocoaching.wistia.com\/medias\/zmteqz1rjz\" target=\"_blank\" rel=\"noopener noreferrer\">aqu\u00ed<\/a>.<br \/>\n<\/span><\/p>\n<p>Dicho dise\u00f1o incorpora la aplicaci\u00f3n del algoritmo basado en redes inteligentes difusas de Petri para el control de la grua y la gesti\u00f3n entre los distintos estados de la grua y el control de la misma; la thesis doctoral realizada sobre dicha aplicaci\u00f3n puede leerse <a href=\"https:\/\/puertos-my.sharepoint.com\/:b:\/g\/personal\/jca_puertos_es\/Efsgm_rPEmJOgkXVyN0cpmEBMIKmfbksW5EZbXYfNt9PHw?e=oJJwn0\">aqu\u00ed<\/a> , y un art\u00edculo sobre dicha aplicaci\u00f3n ha sido publicado en la revista <em>electronics<\/em> y puede leerse <a href=\"https:\/\/puertos-my.sharepoint.com\/:b:\/g\/personal\/jca_puertos_es\/EUlOzrOguddJsg4_gyDGJuUBdp2yoVj1Fd-YEb1zK3Pt-g?e=oVIbRI\" target=\"_blank\" rel=\"noopener noreferrer\">aqu\u00ed<\/a>.<\/p>\n<p>El informe final de este trabajo se resume <a href=\"https:\/\/puertos-my.sharepoint.com\/:b:\/g\/personal\/jca_puertos_es\/EfELGaUbHNhKo18aO9Ti_RsBlKjrtO6A10UuPiXMm557MQ?e=b88ZwI\">aqu\u00ed<\/a>.<\/p>\n<p><span style=\"color: #333333; font-family: 'Georgia',serif;\">3.2.- <\/span>La <strong>Escuela T\u00e9cnica Superior de Ingenieros Industriales de la Universidad Polit\u00e9cnica de Madrid<\/strong> realiza un estudio sobre los beneficios adicionales que podr\u00edan derivarse de la conexi\u00f3n a la red el\u00e9ctrica de los barcos para el sistema el\u00e9ctrico.<\/p>\n<p>Una primera aproximaci\u00f3n al impacto de las fluctuaciones de potencia inyectada a trav\u00e9s de un convertidor de energ\u00eda en la tensi\u00f3n de la red de distribuci\u00f3n y las posibles estrategias para mitigar las fluctuaciones de tensi\u00f3n inducidas se presenta <a href=\"https:\/\/www.mdpi.com\/2071-1050\/9\/10\/1844\">aqu\u00ed<\/a>.<\/p>\n<p>El informe final del trabajo puede leerse <a href=\"http:\/\/poweratberth.eu\/wp-content\/uploads\/2021\/05\/20210414-Informe-final-UPM-ETSII-GELEO.pdf\">aqu\u00ed<\/a>, y sus principales conclusiones son las siguientes:<\/p>\n<p>Primera.- En cuanto al control de la tensi\u00f3n: la participaci\u00f3n de los buques puede contribuir de forma local al mismo y a la compensaci\u00f3n de desequilibrios.<\/p>\n<p>Segunda.- La conexi\u00f3n de los buques a tomas OPS durante su estad\u00eda en atraque afecta a la estabilidad de frecuencia del sistema el\u00e9ctrico positivamente de forma tal que:<\/p>\n<ul>\n<li>Un control adecuado de la conexi\u00f3n contribuye a mejorar la estabilidad.<\/li>\n<li>Cuanto mayor es la potencia del buque, mayor es su efecto estabilizador.<\/li>\n<li>El efecto estabilizador se puede potenciar mediante estrategias de control optimizadas.<\/li>\n<\/ul>\n<p>Tercera.- La participaci\u00f3n de los buques en el control primario de frecuencia permite un mayor nivel de penetraci\u00f3n en el sistema de energ\u00eda el\u00e9ctrica de la generaci\u00f3n renovable e\u00f3lica y solar fotovoltaica.<\/p>\n<p>Cuarta.- El suministro el\u00e9ctrico a buques durante su estancia en atraque supone una importante reducci\u00f3n neta de las emisiones globales de CO2 (reducci\u00f3n de emisiones a bordo menos incremento de emisiones en centrales el\u00e9ctricas).<\/p>\n<p><span style=\"color: #333333; font-family: 'Georgia',serif;\">\u00a0<\/span><\/p>\n<h4><strong>Actividad 3: Proyectos piloto.<\/strong><\/h4>\n<p>Actualmente hay en marcha tres proyectos piloto en Canarias, el Puerto de Pasaje y la conexi\u00f3n mar\u00edtima Palma de Mallorca-Barcelona, que involucran a cinco Autoridades Portuarias y una decena de buques perteneciendo a tres empresas navieras:<\/p>\n<p>La Autoridad Portuaria de Tenerife (APT) tiene aprobados sendos proyectos de implantaci\u00f3n de OPS en <a href=\"http:\/\/poweratberth.eu\/wp-content\/uploads\/2017\/07\/OPS-at-SCT.png\">Santa Cruz de Tenerife<\/a>, <a href=\"http:\/\/poweratberth.eu\/wp-content\/uploads\/2017\/07\/OPS-at-Santa-Cruz-de-La-Palma.png\">Santa Cruz de La Palma <\/a>y <a href=\"http:\/\/poweratberth.eu\/wp-content\/uploads\/2017\/07\/OPS-at-SS-Gomera.png\">San Sebasti\u00e1n de La Gomera <\/a>donde han generado gran expectaci\u00f3n en los habitantes vecinos de los puertos en lo que se refiere a la reducci\u00f3n de los ruidos generados actualmente por los buques.\u00a0La naviera Fred Olsen, integrante del consorcio, tiene previsto conectar sus buques a estas instalaciones. Por su parte la Autoridad Portuaria de Las Palmas (APLP) que tambi\u00e9n integra el consorcio podr\u00e1 suministrar tambi\u00e9n energ\u00eda en atraque a dichos buques.<\/p>\n<p>La Autoridad Portuaria de Pasaia (APP), asociada al consorcio, ofrecer\u00e1 el suministro en su <a href=\"http:\/\/poweratberth.eu\/wp-content\/uploads\/2017\/07\/Conexion-IBERDROLA-UECC.png\">muelle especializado en el tr\u00e1fico de veh\u00edculos<\/a>, y ya ha solicitado la conexi\u00f3n el\u00e9ctrica a la empresa Iberdrola suministradora de la zona. La APP -junto con la naviera UECC cuyos buques ser\u00e1n conectados en Pasaia- ha establecido los requerimientos de dise\u00f1o del equipo de manipulaci\u00f3n de la manguera el\u00e9ctrica que suministrar\u00e1 la energ\u00eda el\u00e9ctrica. El suministro ser\u00e1 tambi\u00e9n en 60 Hz y 6,6 kV<\/p>\n<p>La Autoridad Portuaria de Baleares junto con la Autoridad Portuaria de Barcelona ofrecer\u00e1n el suministro de energ\u00eda el\u00e9ctrica en sendos atraques en los puertos Palma de Mallorca y Barcelona respectivamente, al buque DINONIOS de la compa\u00f1\u00eda naviera ACCIONA-TRANSMEDITERRANEA. El suministro ser\u00e1 tambi\u00e9n en 60 Hz y 6,6 kV. La dotaci\u00f3n del equipamiento electro-mec\u00e1nico correr\u00e1 a cargo de la compa\u00f1\u00eda ENDESA que es la distribuidora el\u00e9ctrica en ambas localidades.<\/p>\n<p>El detalle de las actuaciones anteriores ser\u00e1 accesible aqu\u00ed.<\/p>\n<h4><strong>Actividad 4: Master Plan<\/strong><\/h4>\n<p>El Organismo P\u00fablico Puertos del Estado ha propuesto, a partir de los estudios elaborados por las empresas consultoras INOVA, GHENOVA y SEAPLACE, un Plan Director incluyendo las instalaciones OPS m\u00e1s convenientes cuyo listado puede encontrarte <a href=\"http:\/\/poweratberth.eu\/?page_id=212&amp;lang=es\">aqu\u00ed<\/a>.<\/p>\n<p>Forman parte de este Master Plan los siguientes contenidos:<\/p>\n<ul>\n<li>Beneficios asociados a la conexi\u00f3n de buques a la red general electrica<\/li>\n<li>Barreras que dificultan la implantaci\u00f3n de esta nueva tecnolog\u00eda (OPS)<\/li>\n<li>Medidas adoptadas para superar dichas barreras y facilitar la dotaci\u00f3n de nuevas instalaciones OP<\/li>\n<\/ul>\n<p>, estos tres contenidos pueden leerse tambi\u00e9n <a href=\"http:\/\/poweratberth.eu\/?page_id=212&amp;lang=es\">aqu\u00ed<\/a>.<\/p>\n<p>Los estudios mencionados arriba estan agrupados segun las tres flotas servidas por las futuras instalaciones.<\/p>\n<p>Ferries\u00a0 y ro-ros (y graneleros)<\/p>\n<ul>\n<li><a href=\"http:\/\/poweratberth.eu\/wp-content\/uploads\/2021\/02\/Anexo-Caso-OPS-para-ro-ro-en-Santander-car-carriers.pdf\">Caso OPS para ro-ro en Santander (car-carriers)<\/a><\/li>\n<li><a href=\"http:\/\/poweratberth.eu\/wp-content\/uploads\/2021\/02\/Anexo-Caso-OPS-para-graneleros-en-Castell\u00f3n.pdf\">Caso OPS para graneleros en Castell\u00f3n<\/a><\/li>\n<li><a href=\"http:\/\/poweratberth.eu\/wp-content\/uploads\/2021\/02\/Anexo-Caso-OPS-para-ro-pax-en-Almer\u00eda.pdf\">Caso OPS para ro-pax en Almer\u00eda<\/a><\/li>\n<li><a href=\"http:\/\/poweratberth.eu\/wp-content\/uploads\/2021\/02\/Anexo-Caso-OPS-para-ro-pax-en-C\u00e1diz.pdf\"> Caso OPS para ro-pax en C\u00e1diz<\/a><\/li>\n<li><a href=\"http:\/\/poweratberth.eu\/wp-content\/uploads\/2021\/02\/Anexo-Caso-OPS-para-ro-pax-en-Huelva.pdf\">Caso OPS para ro-pax en Huelva<\/a><\/li>\n<li><a href=\"http:\/\/poweratberth.eu\/wp-content\/uploads\/2021\/02\/Anexo-Caso-OPS-para-ro-pax-en-M\u00e1laga.pdf\">Caso OPS para ro-pax en M\u00e1laga<\/a><\/li>\n<li><a href=\"http:\/\/poweratberth.eu\/wp-content\/uploads\/2021\/02\/Anexo-Caso-OPS-para-ro-pax-en-Valencia.pdf\">Caso OPS para ro-pax en Valencia<\/a><\/li>\n<li><a href=\"http:\/\/poweratberth.eu\/wp-content\/uploads\/2021\/02\/Anexo-Caso-OPS-para-ro-ro-en-Sevilla.pdf\">Caso OPS para ro-ro en Sevilla<\/a><\/li>\n<li><a href=\"http:\/\/poweratberth.eu\/wp-content\/uploads\/2021\/02\/Anexo-Caso-OPS-para-ro-ro-en-Vigo-car-carriers.pdf\">Caso OPS para ro-ro en Vigo (car-carriers)<\/a><\/li>\n<\/ul>\n<p>Portacontenedores<\/p>\n<ul>\n<li><a href=\"http:\/\/poweratberth.eu\/wp-content\/uploads\/2021\/02\/Anexo-Caso-OPS-para-contenedores-en-Algeciras.pdf\">Caso OPS para contenedores en Algeciras<\/a><\/li>\n<li><a href=\"http:\/\/poweratberth.eu\/wp-content\/uploads\/2021\/02\/Anexo-Caso-OPS-para-contenedores-en-Barcelona.pdf\">Caso OPS para contenedores en Barcelona<\/a><\/li>\n<li><a href=\"http:\/\/poweratberth.eu\/wp-content\/uploads\/2021\/02\/Anexo-Caso-OPS-para-contenedores-en-Las-Palmas.pdf\">Caso OPS para contenedores en Las Palmas<\/a><\/li>\n<li><a href=\"http:\/\/poweratberth.eu\/wp-content\/uploads\/2021\/02\/Anexo-Caso-OPS-para-contenedores-en-Tenerife.pdf\">Caso OPS para contenedores en Tenerife<\/a><\/li>\n<\/ul>\n<p>Cruceros<\/p>\n<ul>\n<li><a href=\"http:\/\/poweratberth.eu\/wp-content\/uploads\/2021\/02\/Anexo-Caso-OPS-para-cruceros-en-A-Coru\u00f1a.pdf\">Caso OPS para cruceros en A Coru\u00f1a<\/a><\/li>\n<li><a href=\"http:\/\/poweratberth.eu\/wp-content\/uploads\/2021\/02\/Anexo-Caso-OPS-para-cruceros-y-ferries-en-Santander.pdf\">Caso OPS para cruceros y ferries en Santander<\/a><\/li>\n<li><a href=\"http:\/\/poweratberth.eu\/wp-content\/uploads\/2021\/02\/Anexo-Caso-OPS-para-cruceros-en-Cadiz.pdf\">Caso OPS para cruceros en Cadiz<\/a><\/li>\n<li><a href=\"http:\/\/poweratberth.eu\/wp-content\/uploads\/2021\/02\/Anexo-Caso-OPS-para-cruceros-en-M\u00e1laga-INOVA-v3.pdf\">Caso OPS para cruceros en M\u00e1laga<\/a><\/li>\n<li><a href=\"http:\/\/poweratberth.eu\/wp-content\/uploads\/2021\/02\/Anexo-Caso-OPS-para-cruceros-en-SC-Tenerife-133595-3LL_IE-Anteproyecto-SC-Tenerife-Cruceros_v3.pdf\">Caso OPS para cruceros en Santa Cruz de Tenerife<\/a><\/li>\n<li><a href=\"http:\/\/poweratberth.eu\/wp-content\/uploads\/2021\/02\/Anexo-Caso-OPS-para-cruceros-en-Valencia.pdf\">Caso OPS para cruceros en Valencia<\/a><\/li>\n<\/ul>\n<h4><strong>Actividad 5: Diseminaci\u00f3n del Proyecto<\/strong>.<\/h4>\n<p>Por \u00faltimo, el OPPE junto con la empresa Marine Traffic, ha desarrollado un Plan de Diseminaci\u00f3n del proyecto para\u00a0dar a conocer los beneficios de la implantaci\u00f3n de este sistema de suministro de energ\u00eda para la sociedad y el medio ambiente: las actividades que se realizan y los resultados obtenidos.<\/p>\n","protected":false},"excerpt":{"rendered":"<p>El proyecto para el suministro de energ\u00eda el\u00e9ctrica a buques atracados en los puertos espa\u00f1oles, se estructura en cinco actividades: Actividad 1: Coordinaci\u00f3n del proyecto. El Organismo P\u00fablico Puertos del Estado (OPPE) ha sido el responsable de la coordinaci\u00f3n del proyecto. Actividad 2: Estudios transversales. Existen una serie de temas\u2026<\/p>\n<p> <a class=\"continue-reading-link\" href=\"https:\/\/poweratberth.eu\/?page_id=307&#038;lang=es\"><span>Continue reading<\/span><i class=\"crycon-right-dir\"><\/i><\/a> <\/p>\n","protected":false},"author":2,"featured_media":0,"parent":0,"menu_order":0,"comment_status":"closed","ping_status":"closed","template":"","meta":[],"yoast_head":"<!-- This site is optimized with the Yoast SEO plugin v19.2 - https:\/\/yoast.com\/wordpress\/plugins\/seo\/ -->\n<title>ACTIVIDADES DEL PROYECTO - Power@berth<\/title>\n<meta name=\"robots\" content=\"index, follow, max-snippet:-1, max-image-preview:large, max-video-preview:-1\" \/>\n<link rel=\"canonical\" href=\"https:\/\/poweratberth.eu\/?page_id=307&lang=es\" \/>\n<meta property=\"og:locale\" content=\"en_US\" \/>\n<meta property=\"og:type\" content=\"article\" \/>\n<meta property=\"og:title\" content=\"ACTIVIDADES DEL PROYECTO - Power@berth\" \/>\n<meta property=\"og:description\" content=\"El proyecto para el suministro de energ\u00eda el\u00e9ctrica a buques atracados en los puertos espa\u00f1oles, se estructura en cinco actividades: Actividad 1: Coordinaci\u00f3n del proyecto. El Organismo P\u00fablico Puertos del Estado (OPPE) ha sido el responsable de la coordinaci\u00f3n del proyecto. Actividad 2: Estudios transversales. Existen una serie de temas\u2026 Continue reading\" \/>\n<meta property=\"og:url\" content=\"https:\/\/poweratberth.eu\/?page_id=307&amp;lang=es\" \/>\n<meta property=\"og:site_name\" content=\"Power@berth\" \/>\n<meta property=\"article:modified_time\" content=\"2022-08-11T09:41:48+00:00\" \/>\n<meta name=\"author\" content=\"miluse\" \/>\n<meta name=\"twitter:card\" content=\"summary_large_image\" \/>\n<meta name=\"twitter:label1\" content=\"Est. reading time\" \/>\n\t<meta name=\"twitter:data1\" content=\"8 minutes\" \/>\n<script type=\"application\/ld+json\" class=\"yoast-schema-graph\">{\"@context\":\"https:\/\/schema.org\",\"@graph\":[{\"@type\":\"Organization\",\"@id\":\"https:\/\/poweratberth.eu\/#organization\",\"name\":\"Ops Master Plan Spanish Ports\",\"url\":\"https:\/\/poweratberth.eu\/\",\"sameAs\":[],\"logo\":{\"@type\":\"ImageObject\",\"inLanguage\":\"en-US\",\"@id\":\"https:\/\/poweratberth.eu\/#\/schema\/logo\/image\/\",\"url\":\"http:\/\/poweratberth.eu\/wp-content\/uploads\/2017\/02\/logo2017-02-16.jpg\",\"contentUrl\":\"http:\/\/poweratberth.eu\/wp-content\/uploads\/2017\/02\/logo2017-02-16.jpg\",\"width\":512,\"height\":387,\"caption\":\"Ops Master Plan Spanish Ports\"},\"image\":{\"@id\":\"https:\/\/poweratberth.eu\/#\/schema\/logo\/image\/\"}},{\"@type\":\"WebSite\",\"@id\":\"https:\/\/poweratberth.eu\/#website\",\"url\":\"https:\/\/poweratberth.eu\/\",\"name\":\"Power@berth\",\"description\":\"Ops Spanish Ports\",\"publisher\":{\"@id\":\"https:\/\/poweratberth.eu\/#organization\"},\"potentialAction\":[{\"@type\":\"SearchAction\",\"target\":{\"@type\":\"EntryPoint\",\"urlTemplate\":\"https:\/\/poweratberth.eu\/?s={search_term_string}\"},\"query-input\":\"required name=search_term_string\"}],\"inLanguage\":\"en-US\"},{\"@type\":\"WebPage\",\"@id\":\"https:\/\/poweratberth.eu\/?page_id=307&lang=es#webpage\",\"url\":\"https:\/\/poweratberth.eu\/?page_id=307&lang=es\",\"name\":\"ACTIVIDADES DEL PROYECTO - Power@berth\",\"isPartOf\":{\"@id\":\"https:\/\/poweratberth.eu\/#website\"},\"datePublished\":\"2017-05-12T11:08:39+00:00\",\"dateModified\":\"2022-08-11T09:41:48+00:00\",\"breadcrumb\":{\"@id\":\"https:\/\/poweratberth.eu\/?page_id=307&lang=es#breadcrumb\"},\"inLanguage\":\"en-US\",\"potentialAction\":[{\"@type\":\"ReadAction\",\"target\":[\"https:\/\/poweratberth.eu\/?page_id=307&lang=es\"]}]},{\"@type\":\"BreadcrumbList\",\"@id\":\"https:\/\/poweratberth.eu\/?page_id=307&lang=es#breadcrumb\",\"itemListElement\":[{\"@type\":\"ListItem\",\"position\":1,\"name\":\"Home\",\"item\":\"http:\/\/poweratberth.eu\/?lang=en\"},{\"@type\":\"ListItem\",\"position\":2,\"name\":\"ACTIVIDADES DEL PROYECTO\"}]}]}<\/script>\n<!-- \/ Yoast SEO plugin. -->","yoast_head_json":{"title":"ACTIVIDADES DEL PROYECTO - Power@berth","robots":{"index":"index","follow":"follow","max-snippet":"max-snippet:-1","max-image-preview":"max-image-preview:large","max-video-preview":"max-video-preview:-1"},"canonical":"https:\/\/poweratberth.eu\/?page_id=307&lang=es","og_locale":"en_US","og_type":"article","og_title":"ACTIVIDADES DEL PROYECTO - Power@berth","og_description":"El proyecto para el suministro de energ\u00eda el\u00e9ctrica a buques atracados en los puertos espa\u00f1oles, se estructura en cinco actividades: Actividad 1: Coordinaci\u00f3n del proyecto. El Organismo P\u00fablico Puertos del Estado (OPPE) ha sido el responsable de la coordinaci\u00f3n del proyecto. Actividad 2: Estudios transversales. Existen una serie de temas\u2026 Continue reading","og_url":"https:\/\/poweratberth.eu\/?page_id=307&lang=es","og_site_name":"Power@berth","article_modified_time":"2022-08-11T09:41:48+00:00","author":"miluse","twitter_card":"summary_large_image","twitter_misc":{"Est. reading time":"8 minutes"},"schema":{"@context":"https:\/\/schema.org","@graph":[{"@type":"Organization","@id":"https:\/\/poweratberth.eu\/#organization","name":"Ops Master Plan Spanish Ports","url":"https:\/\/poweratberth.eu\/","sameAs":[],"logo":{"@type":"ImageObject","inLanguage":"en-US","@id":"https:\/\/poweratberth.eu\/#\/schema\/logo\/image\/","url":"http:\/\/poweratberth.eu\/wp-content\/uploads\/2017\/02\/logo2017-02-16.jpg","contentUrl":"http:\/\/poweratberth.eu\/wp-content\/uploads\/2017\/02\/logo2017-02-16.jpg","width":512,"height":387,"caption":"Ops Master Plan Spanish Ports"},"image":{"@id":"https:\/\/poweratberth.eu\/#\/schema\/logo\/image\/"}},{"@type":"WebSite","@id":"https:\/\/poweratberth.eu\/#website","url":"https:\/\/poweratberth.eu\/","name":"Power@berth","description":"Ops Spanish Ports","publisher":{"@id":"https:\/\/poweratberth.eu\/#organization"},"potentialAction":[{"@type":"SearchAction","target":{"@type":"EntryPoint","urlTemplate":"https:\/\/poweratberth.eu\/?s={search_term_string}"},"query-input":"required name=search_term_string"}],"inLanguage":"en-US"},{"@type":"WebPage","@id":"https:\/\/poweratberth.eu\/?page_id=307&lang=es#webpage","url":"https:\/\/poweratberth.eu\/?page_id=307&lang=es","name":"ACTIVIDADES DEL PROYECTO - Power@berth","isPartOf":{"@id":"https:\/\/poweratberth.eu\/#website"},"datePublished":"2017-05-12T11:08:39+00:00","dateModified":"2022-08-11T09:41:48+00:00","breadcrumb":{"@id":"https:\/\/poweratberth.eu\/?page_id=307&lang=es#breadcrumb"},"inLanguage":"en-US","potentialAction":[{"@type":"ReadAction","target":["https:\/\/poweratberth.eu\/?page_id=307&lang=es"]}]},{"@type":"BreadcrumbList","@id":"https:\/\/poweratberth.eu\/?page_id=307&lang=es#breadcrumb","itemListElement":[{"@type":"ListItem","position":1,"name":"Home","item":"http:\/\/poweratberth.eu\/?lang=en"},{"@type":"ListItem","position":2,"name":"ACTIVIDADES DEL PROYECTO"}]}]}},"_links":{"self":[{"href":"https:\/\/poweratberth.eu\/index.php?rest_route=\/wp\/v2\/pages\/307"}],"collection":[{"href":"https:\/\/poweratberth.eu\/index.php?rest_route=\/wp\/v2\/pages"}],"about":[{"href":"https:\/\/poweratberth.eu\/index.php?rest_route=\/wp\/v2\/types\/page"}],"author":[{"embeddable":true,"href":"https:\/\/poweratberth.eu\/index.php?rest_route=\/wp\/v2\/users\/2"}],"replies":[{"embeddable":true,"href":"https:\/\/poweratberth.eu\/index.php?rest_route=%2Fwp%2Fv2%2Fcomments&post=307"}],"version-history":[{"count":87,"href":"https:\/\/poweratberth.eu\/index.php?rest_route=\/wp\/v2\/pages\/307\/revisions"}],"predecessor-version":[{"id":3066,"href":"https:\/\/poweratberth.eu\/index.php?rest_route=\/wp\/v2\/pages\/307\/revisions\/3066"}],"wp:attachment":[{"href":"https:\/\/poweratberth.eu\/index.php?rest_route=%2Fwp%2Fv2%2Fmedia&parent=307"}],"curies":[{"name":"wp","href":"https:\/\/api.w.org\/{rel}","templated":true}]}}